{"id":6564,"date":"2025-04-27T02:00:00","date_gmt":"2025-04-27T02:00:00","guid":{"rendered":"https:\/\/mustila.fi\/?page_id=6564"},"modified":"2026-04-17T10:25:38","modified_gmt":"2026-04-17T07:25:38","slug":"toimintaa-ja-tiedotteita","status":"publish","type":"page","link":"https:\/\/mustila.fi\/sv\/toimintaa-ja-tiedotteita\/","title":{"rendered":"Toimintaa ja tiedotteita"},"content":{"rendered":"<h2>Yst\u00e4vien tapahtumakalenteri vuodelle 2026<\/h2>\n<p>25.4. Vuosikokous, s\u00e4\u00e4nt\u00f6muutoksista lopullisesti p\u00e4\u00e4tt\u00e4minen ja kev\u00e4ttapaaminen Mustilassa. Lis\u00e4tietoa j\u00e4senkirjeess\u00e4<\/p>\n<p>27.-28.6. Kes\u00e4retki Raision-Rauman seudulle. <strong>Ilmoittaudu: https:\/\/bit.ly\/raisio26<\/strong> (lis\u00e4tietoa on my\u00f6s s\u00e4hk\u00f6postissa j\u00e4senille) sek\u00e4 Arboretum Mustilan Yst\u00e4v\u00e4t Facebook-sivustolla.<\/p>\n<p>8.8. Pistokaslis\u00e4yskurssi, lis\u00e4tietoa t\u00e4m\u00e4n sivun alaosassa.<\/p>\n<p>18.-21.8. Taimip\u00e4iv\u00e4\u00e4 valmistelevat talkoot<\/p>\n<p>22.8. Taimip\u00e4iv\u00e4 Mustilassa<\/p>\n<p>26.9. Syystapaaminen Mustilassa. Lis\u00e4tietoa j\u00e4senkirjeess\u00e4 syyspuolella.<\/p>\n<p>1.-5.10. AMY:n ulkomaan matka Etel\u00e4-Ruotsiin. Lis\u00e4tietoa j\u00e4sentiedotteessa ja s\u00e4hk\u00f6postitse j\u00e4senist\u00f6lle ohjelman valmistuttua.<\/p>\n<p><strong>Talkoot: katso sivun alaosa<\/strong><\/p>\n<h2>Pistokaslis\u00e4yskurssi hein\u00e4-elokuussa Mustilassa<\/h2>\n<p>AMY ry j\u00e4rjest\u00e4\u00e4 lauantaina 8.8. pistokaslis\u00e4yskurssin Mustilan valikoiduista materiaalista. Valmiit pistokkaat saa mukaan kurssin loputtua. Kurssin vet\u00e4j\u00e4 on \u00a0Aleksi Peltotalo.<\/p>\n<p>Aikataulu (alustava)<\/p>\n<p>11.00 Keittolounas Puistokahvilassa<\/p>\n<p>11.30 Siirryt\u00e4\u00e4n kasvihuoneelle Hannulaan<\/p>\n<p>14.00 Kahvi ja tilaisuuden p\u00e4\u00e4tt\u00e4minen Puistokahvilassa<\/p>\n<h2>Mustilan yst\u00e4vien talkoot 2026<\/h2>\n<p><strong>Talkoilemaan voi tulla milloin vain<\/strong> ottamalla yhteytt\u00e4\u00a0etuk\u00e4teen osoitteisiin <strong>arboretum@mustila.fi<\/strong> ja <strong>mustilan.ystavat@mustila.fi<\/strong> (molempiin, kiitos).<\/p>\n<p><strong>Kausity\u00f6talkoilu:<\/strong> talkoilu tapahtuu yhdess\u00e4 <strong>arboretumin ty\u00f6tiimin kanssa<\/strong> kauden akuuttien ty\u00f6tarpeiden mukaan.<\/p>\n<p>Maaliskuussa talkoillaan viikottain tiistaista perjantaihin, ja halukkaat ovat tervetulleita. Tarjolla on monenlaisia teht\u00e4vi\u00e4 l\u00e4hinn\u00e4 kasvihuoneella Hannulassa. Ilmoittaudu arboretumin toimistoon arboretum@mustila.fi tai suoraan Tikille tai Kimmolle.<\/p>\n<p><strong>Istutustalkoot:<\/strong> kev\u00e4\u00e4ll\u00e4 2026 yritet\u00e4\u00e4n j\u00e4rjest\u00e4\u00e4 kohdennettuja istutustalkoita. Istutustalkoisiin voi tulla sopimuksen mukaan, joko osana k\u00e4ynniss\u00e4 olevaa isoa istutusprosessia, tai nikkaroimaan ajankohtainen pieni istutuskuvio yksin tai ty\u00f6parin kanssa.<\/p>\n<p>My\u00f6s <strong>omien kiinnostusten ja erityistaitojen mukainen talkoilu<\/strong> on tervetullutta, ja sellaisestakin voi sopia ottamalla yhteytt\u00e4 osoitteisiin arboretum@mustila.fi ja mustilan.ystavat@mustila.fi (molempiin, kiitos!).<\/p>\n<p><strong>Valmiusjoukot:<\/strong> Talkooty\u00f6n tarvetta ilmenee koko ajan pitkin vuotta. Siksi kartoitamme verkostoa vapaaehtoisista talkoolaisista, joita voidaan er\u00e4\u00e4nlaisena &#8221;valmiusryhm\u00e4n\u00e4&#8221; kuuluttaa apuun viikon-kahden varoitusajalla.<\/p>\n<p>Talkooty\u00f6n tarvetta on k\u00e4yt\u00e4nn\u00f6ss\u00e4 ihan kaikenlaiselle ty\u00f6lle, ei vain kuokkimiselle ja kitkemiselle, vaan istuttamiseen, hiilenpolttoon, koulintaan ja purkitukseen taimistolla; my\u00f6s monenlaiseen sis\u00e4ty\u00f6h\u00f6n, mm. laminointia, siementen pakkausta ja muuta &#8221;askarteluty\u00f6t\u00e4&#8221;.<\/p>\n<p><strong>Nettisivutalkoilu:<\/strong> Vuonna 2026 osaavien yst\u00e4vien apua tullaan tarvitsemaan my\u00f6s uusien WordPress-pohjaisten arboretumin kotisivujen k\u00e4ytt\u00f6\u00f6nottoon ja yll\u00e4pitoon. T\u00e4st\u00e4 lis\u00e4\u00e4 j\u00e4sentiedotteessa, joka ilmestyy maaliskuun 2026 aikana.<\/p>\n","protected":false},"excerpt":{"rendered":"<p>Yst\u00e4vien tapahtumakalenteri vuodelle 2026 25.4. Vuosikokous, s\u00e4\u00e4nt\u00f6muutoksista lopullisesti p\u00e4\u00e4tt\u00e4minen ja kev\u00e4ttapaaminen Mustilassa. Lis\u00e4tietoa j\u00e4senkirjeess\u00e4 27.-28.6. Kes\u00e4retki Raision-Rauman seudulle. Ilmoittaudu: https:\/\/bit.ly\/raisio26 (lis\u00e4tietoa on my\u00f6s s\u00e4hk\u00f6postissa j\u00e4senille) sek\u00e4 Arboretum Mustilan Yst\u00e4v\u00e4t Facebook-sivustolla. 8.8. Pistokaslis\u00e4yskurssi, lis\u00e4tietoa t\u00e4m\u00e4n sivun alaosassa. 18.-21.8. Taimip\u00e4iv\u00e4\u00e4 valmistelevat talkoot 22.8. Taimip\u00e4iv\u00e4 Mustilassa 26.9. Syystapaaminen Mustilassa. Lis\u00e4tietoa j\u00e4senkirjeess\u00e4 syyspuolella. 1.-5.10. AMY:n ulkomaan matka Etel\u00e4-Ruotsiin. Lis\u00e4tietoa [&hellip;]<\/p>\n","protected":false},"author":9,"featured_media":0,"parent":0,"menu_order":0,"comment_status":"closed","ping_status":"closed","template":"","meta":{"iawp_total_views":682,"footnotes":""},"class_list":["post-6564","page","type-page","status-publish","hentry"],"_links":{"self":[{"href":"https:\/\/mustila.fi\/sv\/wp-json\/wp\/v2\/pages\/6564","targetHints":{"allow":["GET"]}}],"collection":[{"href":"https:\/\/mustila.fi\/sv\/wp-json\/wp\/v2\/pages"}],"about":[{"href":"https:\/\/mustila.fi\/sv\/wp-json\/wp\/v2\/types\/page"}],"author":[{"embeddable":true,"href":"https:\/\/mustila.fi\/sv\/wp-json\/wp\/v2\/users\/9"}],"replies":[{"embeddable":true,"href":"https:\/\/mustila.fi\/sv\/wp-json\/wp\/v2\/comments?post=6564"}],"version-history":[{"count":1,"href":"https:\/\/mustila.fi\/sv\/wp-json\/wp\/v2\/pages\/6564\/revisions"}],"predecessor-version":[{"id":25401,"href":"https:\/\/mustila.fi\/sv\/wp-json\/wp\/v2\/pages\/6564\/revisions\/25401"}],"wp:attachment":[{"href":"https:\/\/mustila.fi\/sv\/wp-json\/wp\/v2\/media?parent=6564"}],"curies":[{"name":"wp","href":"https:\/\/api.w.org\/{rel}","templated":true}]}}