{"id":6594,"date":"2023-07-28T07:58:31","date_gmt":"2023-07-28T07:58:31","guid":{"rendered":"https:\/\/mustila.fi\/?page_id=6594"},"modified":"2025-06-04T15:56:13","modified_gmt":"2025-06-04T12:56:13","slug":"vierailijoille","status":"publish","type":"page","link":"https:\/\/mustila.fi\/sv\/vierailijoille\/","title":{"rendered":"Vierailijoille"},"content":{"rendered":"\n<figure class=\"wp-block-image\"><img decoding=\"async\" src=\"\/wp-content\/uploads\/tiedostot\/amelanchier_kukka_jreinikainen.jpg\" alt=\"amelanchier_kukka_jreinikainen.jpg\"\/><\/figure>\n\n\n\n<h1 class=\"wp-block-heading\">Arboretum on avoinna vuoden jokaisena p\u00e4iv\u00e4n\u00e4<\/h1>\n\n\n\n<h3 class=\"wp-block-heading\">Arboretumin aukioloajat 2025<\/h3>\n\n\n\n<figure class=\"wp-block-table\"><table><tbody><tr><td>&nbsp;<\/td><td><strong>Ma\u2013Su<\/strong><\/td><\/tr><tr><td><strong>Huhtikuu\u2013lokakuu<\/strong><\/td><td>08:00\u201321:00<\/td><\/tr><tr><td><strong>Marraskuu\u2013maaliskuu<\/strong><\/td><td>08:00\u201319:00<\/td><\/tr><\/tbody><\/table><\/figure>\n\n\n\n<h3 class=\"wp-block-heading\">&nbsp;<\/h3>\n\n\n\n<h3 class=\"wp-block-heading\">Puistokahvilan aukioloajat 2025<\/h3>\n\n\n\n<figure class=\"wp-block-table\"><table class=\"has-fixed-layout\"><tbody><tr><td>&nbsp;<\/td><td><strong>Ma\u2013Pe<\/strong><\/td><td><strong>La<\/strong><\/td><td><strong>Su<\/strong><\/td><\/tr><tr><td><strong>Toukokuu<\/strong><\/td><td>10.00\u201318.00<\/td><td>10.00\u201317.00<\/td><td>11:00\u201318.00<\/td><\/tr><tr><td><strong>Kes\u00e4kuu<\/strong><\/td><td>&nbsp; 9.00\u201320.00<\/td><td>10.00\u201317.00<\/td><td>11:00\u201318.00<\/td><\/tr><tr><td><strong>Hein\u00e4kuu<\/strong><\/td><td>10.00\u201318.00<\/td><td>10.00\u201317.00<\/td><td>11:00\u201318.00<\/td><\/tr><tr><td><strong>Elokuu<\/strong><\/td><td>10.00\u201317.00<\/td><td>11.00\u201317.00<\/td><td>11:00\u201317.00<\/td><\/tr><tr><td><strong>Syyskuu<\/strong><\/td><td>To-Pe 10.00\u201316.00<\/td><td>11.00\u201316.00<\/td><td>11:00\u201316.00<\/td><\/tr><tr><td><strong>Lokakuu<\/strong> <strong>puoleenv\u00e4liin asti<\/strong><\/td><td>kahvila arkisin suljettu<\/td><td>11.00\u201316.00<\/td><td>11.00\u201316.00<\/td><\/tr><\/tbody><\/table><\/figure>\n\n\n\n<p><strong>Poikkeavat aukioloajat:<\/strong>\u00a0vapunp\u00e4iv\u00e4n\u00e4 ja helatorstaina klo 10.00\u201316.00, juhannusaattona ja juhannusp\u00e4iv\u00e4n\u00e4 klo klo 11.00\u2013160.<\/p>\n\n\n\n<p><strong><mark style=\"background-color:rgba(0, 0, 0, 0)\" class=\"has-inline-color has-luminous-vivid-orange-color\">Arboretum on avoinna my\u00f6s kahvilan sulkemisen j\u00e4lkeen klo 21.00 asti<\/mark>.\u00a0<\/strong><\/p>\n\n\n\n<p>Kahvilan ollessa suljettuna p\u00e4\u00e4symaksut maksetaan kahvilan ovessa olevaan luukkuun tai Arboretum Mustilan tilille IBAN &nbsp;FI81 5016 0620 0153 89 (maksun viestiosaan tieto maksun aiheesta).<\/p>\n\n\n\n<p><strong>Kahvilassa ja toimistolla voi tietenkin poiketa ilman arboretumin p\u00e4\u00e4symaksua.&nbsp;<\/strong><\/p>\n\n\n\n<p>Talvikaudella (15.10.-30.4.) vain arboretum on avoinna, puistokahvila suljettu.<\/p>\n\n\n\n<h3 class=\"wp-block-heading\">Taimimyynti<\/h3>\n\n\n\n<p>Arboretum Mustilan oma pikkutaimimyynti tapahtuu puistokahvilasta. L\u00f6yd\u00e4t lis\u00e4tietoja Arboretumin taimimyynnist\u00e4&nbsp;<a href=\"https:\/\/mustila.fi\/taimimyynti\/\">t\u00e4\u00e4lt\u00e4<\/a>.&nbsp;<\/p>\n\n\n\n<p>Huomioithan, ett\u00e4 alueella toimii <mark style=\"background-color:rgba(0, 0, 0, 0)\" class=\"has-inline-color has-luminous-vivid-orange-color\">kaksi t\u00e4ysin erillist\u00e4 taimimyym\u00e4l\u00e4\u00e4<\/mark>.\u00a0<a href=\"https:\/\/www.mustilapuutarha.fi\/\" target=\"_blank\" rel=\"noreferrer noopener\">Mustila Puutarha<\/a>\u00a0(entinen Mustilan taimitarhat) on ei ole arboretumin myym\u00e4l\u00e4, vaan Mustilan kartanon puutarhamyym\u00e4l\u00e4 ja verkkokauppa. Arboretumin omat taimet ovat myynniss\u00e4 Puistokahvilalla. Mustila Puutarha myy puolestaan omia tuotteitaan Viinituvan ja Piika ja Renki -kahvilan vieress\u00e4 sijaitsevassa omassa myym\u00e4l\u00e4ss\u00e4\u00e4n, jonka aukioloajat ja yhteystiedot l\u00f6ytyv\u00e4t\u00a0<a href=\"https:\/\/www.mustilapuutarha.fi\/epages\/mustilapuutarha.sf\/fi_FI\/?ObjectPath=\/Shops\/2015021709\/Categories\/Yhteystiedot\" target=\"_blank\" rel=\"noreferrer noopener\">t\u00e4\u00e4lt\u00e4<\/a>.<\/p>\n\n\n\n<h3 class=\"wp-block-heading\">Tallinvintin museo<\/h3>\n\n\n\n<p>Museo on avoinna yleis\u00f6lle&nbsp;toukokuun alusta elokuun loppuun&nbsp;Puistokahvilan aukioloaikojen mukaan. Muina aikoina sopimuksen mukaan.&nbsp;<\/p>\n\n\n\n<h3 class=\"wp-block-heading\">Toimisto avoinna arkisin<\/h3>\n\n\n\n<p>Arboretumin toimisto on avoinna kes\u00e4ll\u00e4 arkisin klo 8\u201316. Talvikaudella v\u00e4h\u00e4isen henkil\u00f6kunnan vuoksi Arboretumissa henkil\u00f6kunta ei ole aina paikalla, siksi tapaamisista ja asioinnista toimistolla onkin hyv\u00e4 sopia etuk\u00e4teen s\u00e4hk\u00f6postilla tai puhelimitse arboretum@mustila.fi, 05 377 6678.<br>&nbsp;<\/p>\n\n\n\n<h3 class=\"wp-block-heading\">Arboretumin p\u00e4\u00e4symaksut vuonna 2025<\/h3>\n\n\n\n<ul class=\"wp-block-list\">\n<li>Aikuiset: 10\u00a0\u20ac<\/li>\n\n\n\n<li>El\u00e4kel\u00e4iset: 8\u00a0\u20ac<\/li>\n\n\n\n<li>Opiskelijat ja koululaiset: 6\u00a0\u20ac<\/li>\n\n\n\n<li>Alle 12-vuotiaat ilmaiseksi<\/li>\n\n\n\n<li>Kes\u00e4kortti: 20 \u20ac<\/li>\n\n\n\n<li>Lemmikkiel\u00e4imet ovat tervetulleita, mutta pid\u00e4th\u00e4n el\u00e4imet kytkettyn\u00e4.<\/li>\n\n\n\n<li>Ryhmille oppaan hinta on 70 \u20ac arkisin ja 90 \u20ac viikonloppuisin ja pyh\u00e4p\u00e4ivin\u00e4. Opastuksen kesto on normaalisti 1\u20131,5 tuntia; pidemm\u00e4t opastukset sopimuksen mukaan. O<strong>pastukset on varattava\u00a0ennakkoon!<\/strong>\u00a0Opastustilaukset s\u00e4hk\u00f6postitse arboretum@mustila.fi tai puhelimitse 05 377 6678 viimeist\u00e4\u00e4n viikkoa ennen toivottua ajankohtaa.<\/li>\n<\/ul>\n\n\n\n<p>P\u00e4\u00e4sylippu on voimassa koko p\u00e4iv\u00e4n. Kes\u00e4kortti on voimassa vuoden loppuun.<\/p>\n\n\n\n<p>Kes\u00e4kaudella (1.5.\u201330.9.) p\u00e4\u00e4sylippuja myyd\u00e4\u00e4n Puistokahvilassa sen ollessa avoinna. Kahvilan aukioloaikojen ulkopuolella ja talvikaudella p\u00e4\u00e4symaksun voi maksaa k\u00e4teisell\u00e4 Puistokahvilan oven luukusta tai suoraan Arboretum Mustilan tilille&nbsp;<strong>IBAN &nbsp;FI81 5016 0620 0153 89<\/strong>&nbsp;(viestiosioon tieto maksun aiheesta).<\/p>\n\n\n\n<p><strong>Puistokahvilassa ja toimistolla voi (tietenkin) asioida ilman p\u00e4\u00e4symaksua!<\/strong><\/p>\n","protected":false},"excerpt":{"rendered":"<p>Arboretum on avoinna vuoden jokaisena p\u00e4iv\u00e4n\u00e4 Arboretumin aukioloajat 2025 &nbsp; Ma\u2013Su Huhtikuu\u2013lokakuu 08:00\u201321:00 Marraskuu\u2013maaliskuu 08:00\u201319:00 &nbsp; Puistokahvilan aukioloajat 2025 &nbsp; Ma\u2013Pe La Su Toukokuu 10.00\u201318.00 10.00\u201317.00 11:00\u201318.00 Kes\u00e4kuu &nbsp; 9.00\u201320.00 10.00\u201317.00 11:00\u201318.00 Hein\u00e4kuu 10.00\u201318.00 10.00\u201317.00 11:00\u201318.00 Elokuu 10.00\u201317.00 11.00\u201317.00 11:00\u201317.00 Syyskuu To-Pe 10.00\u201316.00 11.00\u201316.00 11:00\u201316.00 Lokakuu puoleenv\u00e4liin asti kahvila arkisin suljettu 11.00\u201316.00 11.00\u201316.00 Poikkeavat aukioloajat:\u00a0vapunp\u00e4iv\u00e4n\u00e4 [&hellip;]<\/p>\n","protected":false},"author":2,"featured_media":0,"parent":0,"menu_order":0,"comment_status":"closed","ping_status":"closed","template":"","meta":{"iawp_total_views":3936,"footnotes":""},"class_list":["post-6594","page","type-page","status-publish","hentry"],"_links":{"self":[{"href":"https:\/\/mustila.fi\/sv\/wp-json\/wp\/v2\/pages\/6594","targetHints":{"allow":["GET"]}}],"collection":[{"href":"https:\/\/mustila.fi\/sv\/wp-json\/wp\/v2\/pages"}],"about":[{"href":"https:\/\/mustila.fi\/sv\/wp-json\/wp\/v2\/types\/page"}],"author":[{"embeddable":true,"href":"https:\/\/mustila.fi\/sv\/wp-json\/wp\/v2\/users\/2"}],"replies":[{"embeddable":true,"href":"https:\/\/mustila.fi\/sv\/wp-json\/wp\/v2\/comments?post=6594"}],"version-history":[{"count":0,"href":"https:\/\/mustila.fi\/sv\/wp-json\/wp\/v2\/pages\/6594\/revisions"}],"wp:attachment":[{"href":"https:\/\/mustila.fi\/sv\/wp-json\/wp\/v2\/media?parent=6594"}],"curies":[{"name":"wp","href":"https:\/\/api.w.org\/{rel}","templated":true}]}}