{"id":6600,"date":"2025-08-08T17:00:00","date_gmt":"2025-08-08T14:00:00","guid":{"rendered":"https:\/\/mustila.fi\/?page_id=6600"},"modified":"2025-09-08T17:08:01","modified_gmt":"2025-09-08T14:08:01","slug":"sijainti_ja_yhteydet","status":"publish","type":"page","link":"https:\/\/mustila.fi\/sv\/sijainti_ja_yhteydet\/","title":{"rendered":"Sijainti ja yhteydet"},"content":{"rendered":"\n<p><strong>[lis\u00e4\u00e4 p\u00e4ivitetty ajo-ohjekartta t\u00e4h\u00e4n]<\/strong><\/p>\n\n\n\n<p>Arboretum sijaitsee l\u00e4ntisess\u00e4 Kymenlaaksossa l\u00e4hell\u00e4 Uudenmaan ja P\u00e4ij\u00e4t-H\u00e4meen rajoja, entisess\u00e4 Elim\u00e4en kunnassa, Valtatie 6:n vieress\u00e4. L\u00e4hin kaupunki on&nbsp;<strong>Kouvola<\/strong>, jonka keskustaan matkaa kertyy 25 kilometri\u00e4.<\/p>\n\n\n\n<p>Omalla autolla:\u00a0<strong>Helsingist\u00e4\u00a0<\/strong>arboretumiin on valtatiet\u00e4 no. 6 <strong>Porvoon <\/strong>kautta noin 115 kilometri\u00e4.\u00a0\u00a0<strong>Lahden\u00a0<\/strong>suunnasta Mustilaan voi ajaa joko Kouvolan kautta valtateit\u00e4 12 ja 6 tai oikaisten Kausalan ja Haapakimolan kautta Elim\u00e4elle viev\u00e4\u00e4 tiet\u00e4 pitkin.\u00a0<strong>Kotkan\u00a0<\/strong>ja\u00a0<strong>Haminan\u00a0<\/strong>suunnasta nopein reitti Mustilaan kulkee Anjalan kautta.<\/p>\n\n\n\n<p><strong>Junalla:\u00a0<\/strong>L\u00e4himm\u00e4t junayhteydet tulevat Kouvolaan 25 kilometrin p\u00e4\u00e4h\u00e4n, josta matkaa on jatkettava bussilla Elim\u00e4elle. Katso Kouvolan kaupungin <a href=\"https:\/\/www.kouvola.fi\/asuminen-ja-ymparisto\/kadut-ja-liikenne\/joukkoliikenne\/bussiaikataulut\/\" data-type=\"link\" data-id=\"https:\/\/www.kouvola.fi\/asuminen-ja-ymparisto\/kadut-ja-liikenne\/joukkoliikenne\/bussiaikataulut\/\" target=\"_blank\" rel=\"noopener\">bussiaikataulut<\/a> ja <a href=\"https:\/\/kouvola.digitransit.fi\/\" target=\"_blank\" rel=\"noopener\">reittiopas<\/a>. <\/p>\n\n\n\n<p><strong>Linja-autolla:\u00a0<\/strong>Kouvolan ja Elim\u00e4en v\u00e4li\u00e4 liikenn\u00f6iv\u00e4t paikallisbussit pys\u00e4htyv\u00e4t nykyisin aivan Mustilan vieress\u00e4 valtatie 6:n liittym\u00e4ss\u00e4 (pys\u00e4kki Elim\u00e4ki Mustila Valtatie 6).\u00a0T\u00e4lt\u00e4 pys\u00e4kilt\u00e4 arboretumiin on muutaman sadan metrin\u00a0k\u00e4velymatka. Ajantasaista tietoa vuoroista onKatso Kouvolan kaupungin <a href=\"https:\/\/www.kouvola.fi\/asuminen-ja-ymparisto\/kadut-ja-liikenne\/joukkoliikenne\/bussiaikataulut\/\" data-type=\"link\" data-id=\"https:\/\/www.kouvola.fi\/asuminen-ja-ymparisto\/kadut-ja-liikenne\/joukkoliikenne\/bussiaikataulut\/\" target=\"_blank\" rel=\"noopener\">bussiaikataulut<\/a> ja <a href=\"https:\/\/kouvola.digitransit.fi\/\" target=\"_blank\" rel=\"noopener\">reittiopas<\/a>. <\/p>\n\n\n\n<p><strong>Pikavuorot:\u00a0<\/strong>Aiemmin niin hyv\u00e4t pikavuoroyhteydet Helsingin ja Kouvolan v\u00e4lill\u00e4 Mustilan kautta ovat t\u00e4ll\u00e4 hetkell\u00e4 p\u00e4\u00e4ttyneet. <\/p>\n\n\n\n<p><strong>Katuosoite<\/strong>: Mustilantie 57, 47200 Elim\u00e4ki<\/p>\n\n\n\n<p>Ajo-ohjeet my\u00f6s Fonectan<a href=\"http:\/\/www.fonecta.fi\/yritykset\/384435\/Mustilan+Arboretum\" target=\"_blank\" rel=\"noopener\">&nbsp;karttapalvelusta<\/a>&nbsp;tai&nbsp;<a href=\"http:\/\/maps.google.fi\/maps?f=q&amp;source=s_q&amp;hl=fi&amp;geocode=&amp;q=Arboretum+Mustila&amp;ie=UTF8&amp;hq=Arboretum+Mustila&amp;ll=60.731266,26.42066&amp;spn=0.029374,0.076475&amp;z=14\" target=\"_blank\" rel=\"noopener\">GoogleMapsista<\/a><\/p>\n\n\n\n<p><\/p>\n","protected":false},"excerpt":{"rendered":"<p>[lis\u00e4\u00e4 p\u00e4ivitetty ajo-ohjekartta t\u00e4h\u00e4n] Arboretum sijaitsee l\u00e4ntisess\u00e4 Kymenlaaksossa l\u00e4hell\u00e4 Uudenmaan ja P\u00e4ij\u00e4t-H\u00e4meen rajoja, entisess\u00e4 Elim\u00e4en kunnassa, Valtatie 6:n vieress\u00e4. L\u00e4hin kaupunki on&nbsp;Kouvola, jonka keskustaan matkaa kertyy 25 kilometri\u00e4. Omalla autolla:\u00a0Helsingist\u00e4\u00a0arboretumiin on valtatiet\u00e4 no. 6 Porvoon kautta noin 115 kilometri\u00e4.\u00a0\u00a0Lahden\u00a0suunnasta Mustilaan voi ajaa joko Kouvolan kautta valtateit\u00e4 12 ja 6 tai oikaisten Kausalan ja Haapakimolan kautta [&hellip;]<\/p>\n","protected":false},"author":12,"featured_media":0,"parent":0,"menu_order":0,"comment_status":"closed","ping_status":"closed","template":"","meta":{"iawp_total_views":2435,"footnotes":""},"class_list":["post-6600","page","type-page","status-publish","hentry"],"_links":{"self":[{"href":"https:\/\/mustila.fi\/sv\/wp-json\/wp\/v2\/pages\/6600","targetHints":{"allow":["GET"]}}],"collection":[{"href":"https:\/\/mustila.fi\/sv\/wp-json\/wp\/v2\/pages"}],"about":[{"href":"https:\/\/mustila.fi\/sv\/wp-json\/wp\/v2\/types\/page"}],"author":[{"embeddable":true,"href":"https:\/\/mustila.fi\/sv\/wp-json\/wp\/v2\/users\/12"}],"replies":[{"embeddable":true,"href":"https:\/\/mustila.fi\/sv\/wp-json\/wp\/v2\/comments?post=6600"}],"version-history":[{"count":0,"href":"https:\/\/mustila.fi\/sv\/wp-json\/wp\/v2\/pages\/6600\/revisions"}],"wp:attachment":[{"href":"https:\/\/mustila.fi\/sv\/wp-json\/wp\/v2\/media?parent=6600"}],"curies":[{"name":"wp","href":"https:\/\/api.w.org\/{rel}","templated":true}]}}