{"id":6609,"date":"2023-07-28T08:06:42","date_gmt":"2023-07-28T08:06:42","guid":{"rendered":"https:\/\/mustila.fi\/?page_id=6609"},"modified":"2023-09-26T19:52:49","modified_gmt":"2023-09-26T19:52:49","slug":"yleisoopastukset","status":"publish","type":"page","link":"https:\/\/mustila.fi\/sv\/yleisoopastukset\/","title":{"rendered":"Yleis\u00f6opastukset"},"content":{"rendered":"\n<h3 class=\"wp-block-heading\">Yleis\u00f6opastukset ja -tilaisuudet<\/h3>\n\n\n\n<p>Vilkkaimpina aikoina puistossa j\u00e4rjestet\u00e4\u00e4n ennalta ilmoitettuina kellonaikoina my\u00f6s yleis\u00f6opastuksia, joihin jokainen voi tulla mukaan p\u00e4\u00e4symaksun hinnalla. Yleis\u00f6opastusten ajat n\u00e4kyv\u00e4t kes\u00e4n\u00a0<a href=\"https:\/\/mustila.fi\/tapahtumakalenteri\/\" data-type=\"page\" data-id=\"6621\">tapahtumakalenterissa<\/a>.\u00a0Siell\u00e4 n\u00e4kyv\u00e4t my\u00f6s teemaretket, esitelm\u00e4tilaisuudet ja muu matkailijoille suunnattu toiminta.\u00a0<\/p>\n","protected":false},"excerpt":{"rendered":"<p>Yleis\u00f6opastukset ja -tilaisuudet Vilkkaimpina aikoina puistossa j\u00e4rjestet\u00e4\u00e4n ennalta ilmoitettuina kellonaikoina my\u00f6s yleis\u00f6opastuksia, joihin jokainen voi tulla mukaan p\u00e4\u00e4symaksun hinnalla. Yleis\u00f6opastusten ajat n\u00e4kyv\u00e4t kes\u00e4n\u00a0tapahtumakalenterissa.\u00a0Siell\u00e4 n\u00e4kyv\u00e4t my\u00f6s teemaretket, esitelm\u00e4tilaisuudet ja muu matkailijoille suunnattu toiminta.\u00a0<\/p>\n","protected":false},"author":2,"featured_media":0,"parent":0,"menu_order":0,"comment_status":"closed","ping_status":"closed","template":"","meta":{"iawp_total_views":155,"footnotes":""},"class_list":["post-6609","page","type-page","status-publish","hentry"],"_links":{"self":[{"href":"https:\/\/mustila.fi\/sv\/wp-json\/wp\/v2\/pages\/6609","targetHints":{"allow":["GET"]}}],"collection":[{"href":"https:\/\/mustila.fi\/sv\/wp-json\/wp\/v2\/pages"}],"about":[{"href":"https:\/\/mustila.fi\/sv\/wp-json\/wp\/v2\/types\/page"}],"author":[{"embeddable":true,"href":"https:\/\/mustila.fi\/sv\/wp-json\/wp\/v2\/users\/2"}],"replies":[{"embeddable":true,"href":"https:\/\/mustila.fi\/sv\/wp-json\/wp\/v2\/comments?post=6609"}],"version-history":[{"count":0,"href":"https:\/\/mustila.fi\/sv\/wp-json\/wp\/v2\/pages\/6609\/revisions"}],"wp:attachment":[{"href":"https:\/\/mustila.fi\/sv\/wp-json\/wp\/v2\/media?parent=6609"}],"curies":[{"name":"wp","href":"https:\/\/api.w.org\/{rel}","templated":true}]}}