{"id":6616,"date":"2023-07-28T08:09:35","date_gmt":"2023-07-28T08:09:35","guid":{"rendered":"https:\/\/mustila.fi\/?page_id=6616"},"modified":"2023-09-26T19:50:14","modified_gmt":"2023-09-26T19:50:14","slug":"toimisto","status":"publish","type":"page","link":"https:\/\/mustila.fi\/sv\/toimisto\/","title":{"rendered":"Toimisto"},"content":{"rendered":"\n<p>Arboretum Mustilan toimisto sijaitsee Nikkarinm\u00e4en talossa kahvila-makasiinin vieress\u00e4.<\/p>\n\n\n\n<p>Toimisto on avoinna arkisin klo 8.00\u201316.00 ymp\u00e4ri vuoden. Syd\u00e4ntalvella (joulukuun alusta tammikuun loppuun) arboretumissa on kuitenkin vain v\u00e4h\u00e4n v\u00e4ke\u00e4 t\u00f6iss\u00e4 eik\u00e4 toimistolla ole jatkuvaa p\u00e4ivystyst\u00e4. T\u00e4ll\u00f6in vierailusta on hyv\u00e4 sopia etuk\u00e4teen.<\/p>\n\n\n\n<p>Toimistosta voitte tilata:<\/p>\n\n\n\n<ul class=\"wp-block-list\">\n<li>Siemenet<\/li>\n\n\n\n<li>Taimet<\/li>\n\n\n\n<li>Opastukset<\/li>\n\n\n\n<li>Ryhmille kahvitukset ja lounaat<\/li>\n\n\n\n<li>Kasvitieteelliset julkaisut<\/li>\n<\/ul>\n\n\n\n<p><\/p>\n\n\n\n<h3 class=\"wp-block-heading\"><a href=\"https:\/\/mustila.fi\/taimi-ja-siemenmyynti\/\" data-type=\"page\" data-id=\"6582\">Taimi- ja siemenmyynti<\/a><\/h3>\n\n\n\n<h3 class=\"wp-block-heading\"><a href=\"https:\/\/mustila.fi\/muut_kohteet_ja_palvelut\/\" data-type=\"page\" data-id=\"6648\">Muut kohteet ja palvelut Mustilan alueella<\/a><\/h3>\n\n\n\n<p><\/p>\n\n\n\n<h3 class=\"wp-block-heading\">Tiedustelut ja varaukset<\/h3>\n\n\n\n<p>Arboretumin toimistosta.<\/p>\n","protected":false},"excerpt":{"rendered":"<p>Arboretum Mustilan toimisto sijaitsee Nikkarinm\u00e4en talossa kahvila-makasiinin vieress\u00e4. Toimisto on avoinna arkisin klo 8.00\u201316.00 ymp\u00e4ri vuoden. Syd\u00e4ntalvella (joulukuun alusta tammikuun loppuun) arboretumissa on kuitenkin vain v\u00e4h\u00e4n v\u00e4ke\u00e4 t\u00f6iss\u00e4 eik\u00e4 toimistolla ole jatkuvaa p\u00e4ivystyst\u00e4. T\u00e4ll\u00f6in vierailusta on hyv\u00e4 sopia etuk\u00e4teen. Toimistosta voitte tilata: Taimi- ja siemenmyynti Muut kohteet ja palvelut Mustilan alueella Tiedustelut ja varaukset Arboretumin [&hellip;]<\/p>\n","protected":false},"author":2,"featured_media":0,"parent":0,"menu_order":0,"comment_status":"closed","ping_status":"closed","template":"","meta":{"iawp_total_views":121,"footnotes":""},"class_list":["post-6616","page","type-page","status-publish","hentry"],"_links":{"self":[{"href":"https:\/\/mustila.fi\/sv\/wp-json\/wp\/v2\/pages\/6616","targetHints":{"allow":["GET"]}}],"collection":[{"href":"https:\/\/mustila.fi\/sv\/wp-json\/wp\/v2\/pages"}],"about":[{"href":"https:\/\/mustila.fi\/sv\/wp-json\/wp\/v2\/types\/page"}],"author":[{"embeddable":true,"href":"https:\/\/mustila.fi\/sv\/wp-json\/wp\/v2\/users\/2"}],"replies":[{"embeddable":true,"href":"https:\/\/mustila.fi\/sv\/wp-json\/wp\/v2\/comments?post=6616"}],"version-history":[{"count":0,"href":"https:\/\/mustila.fi\/sv\/wp-json\/wp\/v2\/pages\/6616\/revisions"}],"wp:attachment":[{"href":"https:\/\/mustila.fi\/sv\/wp-json\/wp\/v2\/media?parent=6616"}],"curies":[{"name":"wp","href":"https:\/\/api.w.org\/{rel}","templated":true}]}}