{"id":6621,"date":"2026-01-30T08:00:00","date_gmt":"2026-01-30T06:00:00","guid":{"rendered":"https:\/\/mustila.fi\/?page_id=6621"},"modified":"2026-03-01T19:31:05","modified_gmt":"2026-03-01T17:31:05","slug":"tapahtumakalenteri","status":"publish","type":"page","link":"https:\/\/mustila.fi\/sv\/tapahtumakalenteri\/","title":{"rendered":"Tulevia tapahtumia Mustilassa (p\u00e4ivitetty 1.3.2026)"},"content":{"rendered":"\n<p><strong>Su 24.5.<\/strong> klo 10-14 <strong>Lastenp\u00e4iv\u00e4 Mustilassa<\/strong>: Lasten ehdoilla rakennettu koko perheen luontotapahtuma \u2013 luontoel\u00e4myksi\u00e4, aktiviteetteja, oppimista ja yhdess\u00e4oloa!<br>Lastenp\u00e4iv\u00e4 Mustilassa on arboretumin kes\u00e4\u00e4n vakiintunut koko perheen luontotapahtuma, jonka ohjelmallinen sis\u00e4lt\u00f6 on rakennettu erityisesti 3-12 vuotiaille lapsille. Luontopolun varrella on kuitenkin paljon n\u00e4ht\u00e4v\u00e4\u00e4 ja koettavaa perheen kaiken ik\u00e4isille j\u00e4senille.<\/p>\n\n\n\n<p><strong>Su 1.6. Alppiruusujen p\u00e4iv\u00e4<\/strong>: Juhlimme k\u00e4ynnistyv\u00e4\u00e4 kukkaloistoa. Juhlap\u00e4iv\u00e4n teemakierroksia. Ohjelma tarkentuu l\u00e4hemp\u00e4n\u00e4 tapahtumaa.<\/p>\n\n\n\n<p><strong>La 22.8.<\/strong> klo 10-15 <strong>Taimip\u00e4iv\u00e4 Mustilassa: <\/strong>XIII arboretumin perinteinen taimimarkkinatapahtuma. Taimip\u00e4iv\u00e4 on koonnut Mustilaan runsaat tuhat kasviharrastajaa. Paikalle odotetaan j\u00e4lleen 25-30 myyj\u00e4\u00e4 Suomesta ja l\u00e4himaista. Luentoja, puistokierroksia ja kasvitietoutta. Vahvistettu myyj\u00e4luettelo ja ohjelma julkaistaan l\u00e4hemp\u00e4n\u00e4 ajankohtaa. Tapahtumaan on sis\u00e4\u00e4np\u00e4\u00e4symaksu.<\/p>\n\n\n\n<p><strong>La 26.9 <\/strong>klo 18-21 <a href=\"https:\/\/mustila.fi\/taidevaellus\/\"><strong>\u00d6inen taidevaellus<\/strong><\/a>. Taidetta, tulia ja tunnelmaa arboretumin pimenev\u00e4ss\u00e4 syysillassa koko perheelle. N\u00e4e ja kuule \u00f6inen satumets\u00e4, ohjelmaa toteuttamassa parikymment\u00e4 artistia.<\/p>\n\n\n\n<p><strong>Opastetut puistoretket, luennot ja ty\u00f6pajat<\/strong>: Ohjelma vahvistetaan kev\u00e4\u00e4n aikana.<\/p>\n\n\n\n<p><\/p>\n\n\n\n<p><\/p>\n\n\n\n<p><strong>MENNEIT\u00c4 TAPAHTUMIA 2025<\/strong><\/p>\n\n\n\n<p><strong>Ke 20.8.<\/strong> klo 17 <strong>Kreivien kierros: <\/strong>opastus arboretumin vanhimmilla ja suurimmilla istutuksilla Saksan Dendrologian Seuran 1925 marssireitti\u00e4 mukaillen. Opas Jaakko Saarinen kertoo samalla tuosta Suomen ja Mustilan kannalta merkitt\u00e4v\u00e4st\u00e4 retkest\u00e4 ja arboretumin historiasta. Kierros sis\u00e4\u00e4np\u00e4\u00e4syn hinnalla, Mustilan yst\u00e4ville ja talkoolaisille ilmaiseksi. Kesto noin 2 tuntia. Mustilan yst\u00e4ville kierroksen j\u00e4lkeen kevyt nuotioiltapalatarjoilu. <\/p>\n\n\n\n<p><strong>La 23.8.<\/strong> <a href=\"https:\/\/mustila.fi\/taimipaiva-mustilassa\/\">Taimip\u00e4iv\u00e4 Mustilassa<\/a>, XII arboretumin taimimarkkinatapahtuma. Vahvistettu myyj\u00e4luettelo ja ohjelma <a href=\"https:\/\/mustila.fi\/taimipaiva-mustilassa\/\">t\u00e4m\u00e4n linkin<\/a> takana. Tapahtumaan on sis\u00e4\u00e4np\u00e4\u00e4symaksu.<\/p>\n\n\n\n<p><strong>La 13.9. <\/strong>klo 11.00\u201314.30 <strong>Pistokaslis\u00e4yskurssi <\/strong>Mustilan Yst\u00e4v\u00e4t ry:n j\u00e4senille. Lis\u00e4tietoa ja ilmoittautumisohjeet syksyn j\u00e4senlehdess\u00e4 sek\u00e4 yst\u00e4vien <a href=\"https:\/\/mustila.fi\/toimintaa-ja-tiedotteita\/\" data-type=\"link\" data-id=\"https:\/\/mustila.fi\/toimintaa-ja-tiedotteita\/\">omalla sivulla<\/a>.<\/p>\n\n\n\n<p><strong>La 27.9.<\/strong> klo 10:30-15:30 Mustilan yst\u00e4vien syystapaaminen.<\/p>\n\n\n\n<p><strong>La 27.9 klo 18-21<\/strong> <a href=\"https:\/\/mustila.fi\/taidevaellus\/\">\u00d6inen taidevaellus<\/a>. Taidetta, tulia ja tunnelmaa arboretumin syysillassa koko perheelle. N\u00e4e ja kuule \u00f6inen satumets\u00e4, ohjelmaa toteuttamassa parikymment\u00e4 artistia.<\/p>\n\n\n\n<p><strong>Pe 10.10. <\/strong>klo 9.00-15:00 <strong>Ty\u00f6v\u00e4lineiden ja pienkoneiden huoltokurssi<\/strong>. Lis\u00e4tietoa Mustilan Yst\u00e4v\u00e4t ry:n <a href=\"https:\/\/mustila.fi\/toimintaa-ja-tiedotteita\/\" data-type=\"link\" data-id=\"https:\/\/mustila.fi\/toimintaa-ja-tiedotteita\/\">omalla sivulla<\/a>, mutta kurssi on avoin my\u00f6s ei-j\u00e4senille. Huomaa ennakkoilmoittautuminen!<\/p>\n\n\n\n<p><strong>La 11.10. <\/strong>ja <strong>Su 12.10. <\/strong>klo 10-16 <strong>Moottorisahaveiston kurssi.<\/strong> Veist\u00e4misen perustaitoja aivan alkajille tai vinkkej\u00e4 kokeneemmille veist\u00e4jille. Vet\u00e4j\u00e4n\u00e4 vuosien 2024- ja 2025- suomenmestari August Eskelinen. <strong><mark style=\"background-color:rgba(0, 0, 0, 0)\" class=\"has-inline-color has-vivid-red-color\">PERUTTU<\/mark><\/strong> v\u00e4h\u00e4isen osallistujam\u00e4\u00e4r\u00e4n vuoksi. <\/p>\n\n\n\n<p><\/p>\n\n\n\n<p><\/p>\n\n\n\n<p><\/p>\n","protected":false},"excerpt":{"rendered":"<p>Su 24.5. klo 10-14 Lastenp\u00e4iv\u00e4 Mustilassa: Lasten ehdoilla rakennettu koko perheen luontotapahtuma \u2013 luontoel\u00e4myksi\u00e4, aktiviteetteja, oppimista ja yhdess\u00e4oloa!Lastenp\u00e4iv\u00e4 Mustilassa on arboretumin kes\u00e4\u00e4n vakiintunut koko perheen luontotapahtuma, jonka ohjelmallinen sis\u00e4lt\u00f6 on rakennettu erityisesti 3-12 vuotiaille lapsille. Luontopolun varrella on kuitenkin paljon n\u00e4ht\u00e4v\u00e4\u00e4 ja koettavaa perheen kaiken ik\u00e4isille j\u00e4senille. Su 1.6. Alppiruusujen p\u00e4iv\u00e4: Juhlimme k\u00e4ynnistyv\u00e4\u00e4 kukkaloistoa. Juhlap\u00e4iv\u00e4n [&hellip;]<\/p>\n","protected":false},"author":9,"featured_media":0,"parent":0,"menu_order":0,"comment_status":"closed","ping_status":"closed","template":"","meta":{"iawp_total_views":3121,"footnotes":""},"class_list":["post-6621","page","type-page","status-publish","hentry"],"_links":{"self":[{"href":"https:\/\/mustila.fi\/sv\/wp-json\/wp\/v2\/pages\/6621","targetHints":{"allow":["GET"]}}],"collection":[{"href":"https:\/\/mustila.fi\/sv\/wp-json\/wp\/v2\/pages"}],"about":[{"href":"https:\/\/mustila.fi\/sv\/wp-json\/wp\/v2\/types\/page"}],"author":[{"embeddable":true,"href":"https:\/\/mustila.fi\/sv\/wp-json\/wp\/v2\/users\/9"}],"replies":[{"embeddable":true,"href":"https:\/\/mustila.fi\/sv\/wp-json\/wp\/v2\/comments?post=6621"}],"version-history":[{"count":0,"href":"https:\/\/mustila.fi\/sv\/wp-json\/wp\/v2\/pages\/6621\/revisions"}],"wp:attachment":[{"href":"https:\/\/mustila.fi\/sv\/wp-json\/wp\/v2\/media?parent=6621"}],"curies":[{"name":"wp","href":"https:\/\/api.w.org\/{rel}","templated":true}]}}