{"id":6625,"date":"2023-07-28T08:18:08","date_gmt":"2023-07-28T08:18:08","guid":{"rendered":"https:\/\/mustila.fi\/?page_id=6625"},"modified":"2026-04-11T22:58:34","modified_gmt":"2026-04-11T19:58:34","slug":"alppiruusujen-paivat","status":"publish","type":"page","link":"https:\/\/mustila.fi\/sv\/alppiruusujen-paivat\/","title":{"rendered":"Alppiruusujen p\u00e4iv\u00e4"},"content":{"rendered":"<p>Alppiruusujen p\u00e4iv\u00e4ll\u00e4 juhlistetaan vuosittain p\u00e4\u00e4kukintakauden alkua touko-kes\u00e4kuun taitteessa.<\/p>\n<p>Vuonna 2026 p\u00e4iv\u00e4 on sunnuntai 31.5.\u00a0 Ohjelmassa on p\u00e4iv\u00e4n teemaan painottuva opastettu kierros klo 13. Kierroksen hinta sis\u00e4ltyy arboretumin p\u00e4\u00e4symaksuun.<\/p>\n","protected":false},"excerpt":{"rendered":"<p>Alppiruusujen p\u00e4iv\u00e4ll\u00e4 juhlistetaan vuosittain p\u00e4\u00e4kukintakauden alkua touko-kes\u00e4kuun taitteessa. Vuonna 2026 p\u00e4iv\u00e4 on sunnuntai 31.5.\u00a0 Ohjelmassa on p\u00e4iv\u00e4n teemaan painottuva opastettu kierros klo 13. Kierroksen hinta sis\u00e4ltyy arboretumin p\u00e4\u00e4symaksuun.<\/p>\n","protected":false},"author":2,"featured_media":0,"parent":0,"menu_order":0,"comment_status":"closed","ping_status":"closed","template":"","meta":{"iawp_total_views":177,"footnotes":""},"class_list":["post-6625","page","type-page","status-publish","hentry"],"_links":{"self":[{"href":"https:\/\/mustila.fi\/sv\/wp-json\/wp\/v2\/pages\/6625","targetHints":{"allow":["GET"]}}],"collection":[{"href":"https:\/\/mustila.fi\/sv\/wp-json\/wp\/v2\/pages"}],"about":[{"href":"https:\/\/mustila.fi\/sv\/wp-json\/wp\/v2\/types\/page"}],"author":[{"embeddable":true,"href":"https:\/\/mustila.fi\/sv\/wp-json\/wp\/v2\/users\/2"}],"replies":[{"embeddable":true,"href":"https:\/\/mustila.fi\/sv\/wp-json\/wp\/v2\/comments?post=6625"}],"version-history":[{"count":3,"href":"https:\/\/mustila.fi\/sv\/wp-json\/wp\/v2\/pages\/6625\/revisions"}],"predecessor-version":[{"id":25371,"href":"https:\/\/mustila.fi\/sv\/wp-json\/wp\/v2\/pages\/6625\/revisions\/25371"}],"wp:attachment":[{"href":"https:\/\/mustila.fi\/sv\/wp-json\/wp\/v2\/media?parent=6625"}],"curies":[{"name":"wp","href":"https:\/\/api.w.org\/{rel}","templated":true}]}}