{"id":6627,"date":"2025-08-18T15:10:00","date_gmt":"2025-08-18T12:10:00","guid":{"rendered":"https:\/\/mustila.fi\/?page_id=6627"},"modified":"2025-08-18T15:11:11","modified_gmt":"2025-08-18T12:11:11","slug":"taimipaiva-mustilassa","status":"publish","type":"page","link":"https:\/\/mustila.fi\/sv\/taimipaiva-mustilassa\/","title":{"rendered":"Taimip\u00e4iv\u00e4 Mustilassa"},"content":{"rendered":"\n<h1 class=\"wp-block-heading\">Taimip\u00e4iv\u00e4 Mustilassa lauantaina 23.8.2025 klo 10:00\u201315:00<\/h1>\n\n\n\n<p><em><strong>J\u00e4rjest\u00e4jin\u00e4 Arboretum Mustilan Yst\u00e4v\u00e4t ry, Arboretum Mustila ja Mustila Puutarha (entinen Mustilan taimitarhat).&nbsp;<\/strong><\/em><\/p>\n\n\n\n<p>Mustilan perinteinen taimimarkkinatapahtuma j\u00e4rjestet\u00e4\u00e4n seuraavan kerran lauantaina 23.8.2025. Paikalle saapuu enn\u00e4tysm\u00e4\u00e4r\u00e4 myyji\u00e4 eri puolilta Suomea ja naapurimaista. P\u00e4iv\u00e4n aikana j\u00e4rjestet\u00e4\u00e4n opastettuja puistokierroksia ja muuta ohjelmaa. Ennen kaikkea tarjolla on valtavasti kasveja, joiden joukosta voit l\u00f6yt\u00e4\u00e4 harvinaisuuksia ja uutuuksia omaan pihaasi.<\/p>\n\n\n\n<p><strong>Myyj\u00e4luettelo<\/strong> (p\u00e4ivitetty 18.8.)<strong>:<\/strong><\/p>\n\n\n\n<p>&#8211; Arboretum Mustila: puitten ja pensaitten taimia<br>&#8211; Arboretum Mustilan yst\u00e4v\u00e4t ry.: kirppistaimia ja -kirjoja ym. sek\u00e4 j\u00e4senasiat<br>&#8211; Bab\u012bten taimisto: alppiruusuja ja atsaleoja<br>&#8211; Sisko Chase: perennoja<br>&#8211; Helga Taimeaed, \u00dclli-Riina Sildnik: perennoja<br>&#8211; Id\u00e4n immeiset: perennoja<br>&#8211; Martti Hild\u00e9n: puuvartisia<br>&#8211; Hirvensalmen taimisto: hedelm\u00e4- ja marjakasveja<br>&#8211; Leni Hyttinen ja Minna Alanko: perennoja<br>&#8211; Merle ja Aivar Kaljuste: saniaisia<br>&#8211; Miina Ant-Vuorinen: monivuotisia vihanneksia ja kirjallisuutta<br>&#8211; Taavi Kivistik: k\u00e4rh\u00f6j\u00e4<br>&#8211; Kimmo L. Kolkka: puuvartisia kasveja<br>&#8211; Kuusankosken puutarhayhdistys ry: tietoaa<br>&#8211; Seija Lehtinen: perennoja<br>&#8211; Heikki Linna, Piskulan Tila: puuvartisia<br>&#8211; Inga Nuojua: mets\u00e4puutarhaa ja sy\u00f6t\u00e4vi\u00e4 kasveja<br>&#8211; Massbybackan Taimisto, Gunilla Holmberg: puuvartisten taimia<br>&#8211; Suvi Merikanto: perennoja<br>&#8211; Metomaan Puutarha: puuvartisia, hy\u00f6tykasveja<br>&#8211; Mustila Puutarha: puutarhakasveja ja -tarvikkeita<br>&#8211; Mustila Viini: viinej\u00e4, juomia, herkkuja ym.<br>&#8211; Jussi M\u00e4kel\u00e4, Tallebo arboretum: puuvartisia<br>&#8211; Jyri Ollila: Mant\u0161urianjalop\u00e4hkin\u00e4n taimia<br>&#8211; Paratiisin hedelm\u00e4t: Juha Solantie: persikoita, aprikooseja, ym. erikoisia hedelm\u00e4puita<br>&#8211; Matias Pekkanen: saksanp\u00e4hkin\u00e4n, aprikoosin, ilmasipulin ym. taimia<br>&#8211; Juha Peltonen: pelargoneja ja perennoja<br>&#8211; Pomologian kerho, Harri Hillil\u00e4: omenapuita, p\u00e4hkin\u00e4pensaita, viiniryp\u00e4leit\u00e4, erikoiskasveja kuten mulperi<br>&#8211; Suomen P\u00e4hkin\u00e4seura ry, Janne Lassila ja Jussi Matila: tietoutta ja p\u00e4hkin\u00e4kasvien taimia<br>&#8211; Ruususeura: ruusuja ja ruusutietoutta<br>&#8211; Hannu Saarilahti: rodoja<br>&#8211; Kristian Theqvist: rodoja<br>&#8211; Tommolan Tila, Eija Tommola: perennoja<br>&#8211; Marika Vartla, M\u00e4dapea m\u00f5is: leimuja ja pioneja<br>&#8211; VG Rare Plants, Viktors Goba: perennoja<br>&#8211; Suomen Viininkasvattajat ry: tietoutta ja taimia<\/p>\n\n\n\n<p>&#8211; pop up -myyji\u00e4a<br>&#8211; taimiparkki<br><\/p>\n\n\n\n<p><strong>Esitelm\u00e4t (Tallinvintin museosalissa)<\/strong><\/p>\n\n\n\n<p>12.00-n.12.40 Tryffelit Suomessa: yritt\u00e4j\u00e4 Lars Ingman kertoo tryffelisienien kasvatuksen menestyksest\u00e4 Suomessa.<br><br><br><p><strong>Huutokauppa<\/strong><\/p><\/p>\n\n\n\n<p><p>n.12.30 huutokauppa alkaa Tallipihalla heti Lars Ingmanin tryffeliluennon p\u00e4\u00e4tytty\u00e4.<\/p><\/p>\n\n\n\n<p><strong>Tietoiskut (myyntipaikoilla)<\/strong><\/p>\n\n\n\n<p>13.00-n.13.20 Kristian Theqvist: Rhodojen leikkaus; harvasta pensaasta tuuheaksi yksil\u00f6ksi<br>14.00-n.14.20 Inga Nuojua: Katteet puutarhassa<\/p>\n\n\n\n<p><\/p>\n\n\n\n<p><strong>Teemakierrokset<\/strong><\/p>\n\n\n\n<p>10.30-11.30 Seppo Vuokko. Tulokaslajit luonnon kannalta<br>11.00-12.00 Aleksi Peltotalo. Uudet koristepuut ja -pensaat Mustilassa<br>13.00-14.00 Kimmo Kuusisto Populaatiojalostaminen harrastelijoille<br>13.30-14.30 Tuomas Haltia. Aprikoosien koeviljelyst\u00e4 Mustilassa<br>14.00-15.00 Jukka Reinikainen. Mit\u00e4 mets\u00e4\u00e4n kuusen tilalle?<\/p>\n\n\n\n<p><mark style=\"background-color:rgba(0, 0, 0, 0)\" class=\"has-inline-color has-luminous-vivid-orange-color\">Ohjelmaan voi tulla muutoksia yll\u00e4 mainitusta lyhyell\u00e4 varoitusajalla.<\/mark><\/p>\n\n\n\n<p><\/p>\n","protected":false},"excerpt":{"rendered":"<p>Taimip\u00e4iv\u00e4 Mustilassa lauantaina 23.8.2025 klo 10:00\u201315:00 J\u00e4rjest\u00e4jin\u00e4 Arboretum Mustilan Yst\u00e4v\u00e4t ry, Arboretum Mustila ja Mustila Puutarha (entinen Mustilan taimitarhat).&nbsp; Mustilan perinteinen taimimarkkinatapahtuma j\u00e4rjestet\u00e4\u00e4n seuraavan kerran lauantaina 23.8.2025. Paikalle saapuu enn\u00e4tysm\u00e4\u00e4r\u00e4 myyji\u00e4 eri puolilta Suomea ja naapurimaista. P\u00e4iv\u00e4n aikana j\u00e4rjestet\u00e4\u00e4n opastettuja puistokierroksia ja muuta ohjelmaa. Ennen kaikkea tarjolla on valtavasti kasveja, joiden joukosta voit l\u00f6yt\u00e4\u00e4 harvinaisuuksia [&hellip;]<\/p>\n","protected":false},"author":12,"featured_media":0,"parent":0,"menu_order":0,"comment_status":"closed","ping_status":"closed","template":"","meta":{"iawp_total_views":5546,"footnotes":""},"class_list":["post-6627","page","type-page","status-publish","hentry"],"_links":{"self":[{"href":"https:\/\/mustila.fi\/sv\/wp-json\/wp\/v2\/pages\/6627","targetHints":{"allow":["GET"]}}],"collection":[{"href":"https:\/\/mustila.fi\/sv\/wp-json\/wp\/v2\/pages"}],"about":[{"href":"https:\/\/mustila.fi\/sv\/wp-json\/wp\/v2\/types\/page"}],"author":[{"embeddable":true,"href":"https:\/\/mustila.fi\/sv\/wp-json\/wp\/v2\/users\/12"}],"replies":[{"embeddable":true,"href":"https:\/\/mustila.fi\/sv\/wp-json\/wp\/v2\/comments?post=6627"}],"version-history":[{"count":0,"href":"https:\/\/mustila.fi\/sv\/wp-json\/wp\/v2\/pages\/6627\/revisions"}],"wp:attachment":[{"href":"https:\/\/mustila.fi\/sv\/wp-json\/wp\/v2\/media?parent=6627"}],"curies":[{"name":"wp","href":"https:\/\/api.w.org\/{rel}","templated":true}]}}