{"id":6629,"date":"2025-08-28T21:42:00","date_gmt":"2025-08-28T18:42:00","guid":{"rendered":"https:\/\/mustila.fi\/?page_id=6629"},"modified":"2026-03-01T19:08:00","modified_gmt":"2026-03-01T17:08:00","slug":"taidevaellus","status":"publish","type":"page","link":"https:\/\/mustila.fi\/sv\/taidevaellus\/","title":{"rendered":"\u00d6inen taidevaellus"},"content":{"rendered":"\n<p><\/p>\n\n\n\n<figure class=\"wp-block-image size-large\"><img fetchpriority=\"high\" decoding=\"async\" width=\"680\" height=\"1024\" src=\"https:\/\/mustila.fi\/wp-content\/uploads\/2026\/03\/DSC_0837-mammutti-680x1024.jpg\" alt=\"\" class=\"wp-image-25280\" srcset=\"https:\/\/mustila.fi\/wp-content\/uploads\/2026\/03\/DSC_0837-mammutti-680x1024.jpg 680w, https:\/\/mustila.fi\/wp-content\/uploads\/2026\/03\/DSC_0837-mammutti-199x300.jpg 199w, https:\/\/mustila.fi\/wp-content\/uploads\/2026\/03\/DSC_0837-mammutti-768x1156.jpg 768w, https:\/\/mustila.fi\/wp-content\/uploads\/2026\/03\/DSC_0837-mammutti-1020x1536.jpg 1020w, https:\/\/mustila.fi\/wp-content\/uploads\/2026\/03\/DSC_0837-mammutti-scaled.jpg 1360w\" sizes=\"(max-width: 680px) 100vw, 680px\" \/><\/figure>\n\n\n\n<p><strong>\u00d6inen taidevaellus<\/strong><\/p>\n\n\n\n<p><strong>lauantaina 26.9.2026 klo 18-21<\/strong><\/p>\n\n\n\n<p><strong>Taidetta, tunnelmaa ja pimenev\u00e4n syysillan lumoa koko perheelle.<\/strong><\/p>\n\n\n\n<p>Tapahtuma toteutetaan omaan tahtiin kierrett\u00e4v\u00e4n\u00e4 polkuvaelluksena valoista ja esityksist\u00e4 nauttien. Kiert\u00e4\u00e4 voi useammankin kerran, valaistu polku on n. 1,5 km mittainen. Polulla voi edet\u00e4 my\u00f6s lastenrattailla. Pime\u00e4 laskeutuu vasta iltaseitsem\u00e4n j\u00e4lkeen, aivan alkuun ei siis tarvitse kiirehti\u00e4.<\/p>\n\n\n\n<p>Omat taskulamput mukaan !&nbsp; J\u00e4t\u00e4 hienoimmat vaatteet kotiin, tulista voi lennell\u00e4 kipin\u00f6it\u00e4.<\/p>\n\n\n\n<p>&nbsp;Arboretumin Puistokahvilalla makeaa ja suolaista pikkun\u00e4lk\u00e4\u00e4n. Makkaroita kahvilalla ja juhlapaikan mets\u00e4nuotiolla.<\/p>\n\n\n\n<p><\/p>\n\n\n\n<p class=\"has-vivid-red-color has-text-color has-link-color wp-elements-a11d9b6ddd9849631b2195b88d1e6372\">Alla tietoja vuoden 2025-tapahtumasta. 2026 ohjelmaa ja lippujen hintoja ei ole viel\u00e4 vahvistettu: <\/p>\n\n\n\n<p class=\"has-vivid-red-color has-text-color has-link-color wp-elements-dcce4488ad87b1c160a757af5f4dcfd0\"> <strong>Liput vuonna 2025:<\/strong>\u00a010 \u20ac\/aikuiset <\/p>\n\n\n\n<p class=\"has-vivid-red-color has-text-color has-link-color wp-elements-afc2b4a5c8c331f715108efd1c9c3004\">           5 \u20ac \/ lapset ja opiskelijat<\/p>\n\n\n\n<p class=\"has-vivid-red-color has-text-color has-link-color wp-elements-94e6452a551347672703ea2643162b4c\">&nbsp;&nbsp;&nbsp;&nbsp;&nbsp;&nbsp;&nbsp;&nbsp;&nbsp;&nbsp; alle 5 vuotiaat ilmaiseksi<\/p>\n\n\n\n<p class=\"has-vivid-red-color has-text-color has-link-color wp-elements-de9d410631c7ff1b7d90e6265f666ca5\">&nbsp;&nbsp;&nbsp;&nbsp;&nbsp;&nbsp;&nbsp;&nbsp;&nbsp;&nbsp; 25 \u20ac koko perhe.<\/p>\n\n\n\n<p class=\"has-vivid-red-color has-text-color has-link-color wp-elements-14d8cbf8a2df68707648adf5d2fc47cc\"><strong>Mukana ohjelmassa 2025:<\/strong><\/p>\n\n\n\n<p class=\"has-vivid-red-color has-text-color has-link-color wp-elements-5ab506e600e55f725bfbf3b7f212fd09\">Aleksi Saraskari&nbsp;&nbsp;&nbsp;&nbsp;&nbsp;&nbsp;&nbsp;&nbsp;&nbsp;&nbsp;&nbsp;&nbsp;&nbsp; tuuba<\/p>\n\n\n\n<p class=\"has-vivid-red-color has-text-color has-link-color wp-elements-c3088cdd840047bd4305ce591c4992fa\">Visa Haarala &nbsp;&nbsp;&nbsp;&nbsp;&nbsp;&nbsp;&nbsp;&nbsp;&nbsp;&nbsp;&nbsp;&nbsp;&nbsp;&nbsp;&nbsp;&nbsp;&nbsp;&nbsp; trumpetti<\/p>\n\n\n\n<p class=\"has-vivid-red-color has-text-color has-link-color wp-elements-8810daa71302388512a039f1824f52bb\">Mikko Lehtola&nbsp;&nbsp;&nbsp;&nbsp;&nbsp;&nbsp;&nbsp;&nbsp;&nbsp;&nbsp;&nbsp;&nbsp;&nbsp;&nbsp;&nbsp; sello ym.<\/p>\n\n\n\n<p class=\"has-vivid-red-color has-text-color has-link-color wp-elements-7e00b9af24b5a962fd7d085e4630ed00\">Tanja kettum\u00e4ki&nbsp;&nbsp;&nbsp;&nbsp;&nbsp;&nbsp;&nbsp;&nbsp;&nbsp;&nbsp;&nbsp;&nbsp; huilu ja tanssi<\/p>\n\n\n\n<p class=\"has-vivid-red-color has-text-color has-link-color wp-elements-735d9ddc463658c9515404401fa66a36\">Maiju Laurila&nbsp;&nbsp;&nbsp;&nbsp;&nbsp;&nbsp;&nbsp;&nbsp;&nbsp;&nbsp;&nbsp;&nbsp;&nbsp;&nbsp;&nbsp;&nbsp;&nbsp; haitari ja tanssi<\/p>\n\n\n\n<p class=\"has-vivid-red-color has-text-color has-link-color wp-elements-6ec315326c8809fc5bae97d02309e1a6\">Roosa Raanoja      &nbsp;&nbsp; tanssi<\/p>\n\n\n\n<p class=\"has-vivid-red-color has-text-color has-link-color wp-elements-7fbab9e44b8d0654076ed99310698a89\">Satu Kostiainen&nbsp;&nbsp;&nbsp;&nbsp;&nbsp;&nbsp;&nbsp;&nbsp;&nbsp;&nbsp;&nbsp;&nbsp;&nbsp; laulu<\/p>\n\n\n\n<p class=\"has-vivid-red-color has-text-color has-link-color wp-elements-023e28b443172f720b3aeb04e65673df\">Helena Lehtola&nbsp;&nbsp;&nbsp;&nbsp;&nbsp;&nbsp;&nbsp;&nbsp;&nbsp;&nbsp;&nbsp;&nbsp;&nbsp;&nbsp; tuuba<\/p>\n\n\n\n<p class=\"has-vivid-red-color has-text-color has-link-color wp-elements-ef789150001795128d64eab20b1049d5\">Edith Eloranta&nbsp;&nbsp;&nbsp;&nbsp;&nbsp;&nbsp;&nbsp;&nbsp;&nbsp;&nbsp;&nbsp;&nbsp;&nbsp;&nbsp;&nbsp;&nbsp;&nbsp;&nbsp;&nbsp;&nbsp;&nbsp;&nbsp; trumpetti<\/p>\n\n\n\n<p class=\"has-vivid-red-color has-text-color has-link-color wp-elements-222d41cd18de9aefc06a67a7d3d8c761\">Timo Marttinen&nbsp;&nbsp;&nbsp;&nbsp;&nbsp;&nbsp;&nbsp;&nbsp;&nbsp;&nbsp;&nbsp;&nbsp;&nbsp;&nbsp;&nbsp;&nbsp;&nbsp;&nbsp;&nbsp;&nbsp; saksofoni<\/p>\n\n\n\n<p class=\"has-vivid-red-color has-text-color has-link-color wp-elements-c7552ad98a7a8192b367e21c30744310\">P\u00e4ivi Pollari, P\u00e4ivi Virta-Sihvola ja Erja Noroviita          runot<\/p>\n\n\n\n<p class=\"has-vivid-red-color has-text-color has-link-color wp-elements-873708ab9e5e112eb33cc590deb4b161\">August Eskelinen        veistovelho<\/p>\n\n\n\n<p class=\"has-vivid-red-color has-text-color has-link-color wp-elements-ae9b2929d26a19a42e37d30d4e9beb9c\">Marja Putus ja Sanni Kiislahti      viulu ja laulu<\/p>\n\n\n\n<p class=\"has-vivid-red-color has-text-color has-link-color wp-elements-81e07208331092665814b29175ef3860\">Elim\u00e4en taideseura \u2013 lasten taidety\u00f6paja<\/p>\n\n\n\n<p class=\"has-vivid-red-color has-text-color has-link-color wp-elements-c9365267f914bd71ea50e5e539e3962b\"><\/p>\n\n\n\n<p class=\"has-vivid-red-color has-text-color has-link-color wp-elements-eaece988567ea5556830fcd07d321644\">Tuliveistokset polun varrella, valaistu polku, mets\u00e4kirkko ja puuveistokset<\/p>\n\n\n\n<p class=\"has-vivid-red-color has-text-color has-link-color wp-elements-c9365267f914bd71ea50e5e539e3962b\"><\/p>\n\n\n\n<p class=\"has-vivid-red-color has-text-color has-link-color wp-elements-08d50b4d768c80a0f0010b7a8dac49fb\">Yhteisty\u00f6ss\u00e4 mukana my\u00f6s:<\/p>\n\n\n\n<p class=\"has-vivid-red-color has-text-color has-link-color wp-elements-864a0b2b15cf52ee74514b3db7a215dc\">Kymi Sinfonietta, PKMO, EKAMI, Kymenlaakson Steinerkoulun kannatusyhdistys ja Arboretum Mustilan Yst\u00e4v\u00e4t<\/p>\n\n\n\n<p><\/p>\n","protected":false},"excerpt":{"rendered":"<p>\u00d6inen taidevaellus lauantaina 26.9.2026 klo 18-21 Taidetta, tunnelmaa ja pimenev\u00e4n syysillan lumoa koko perheelle. Tapahtuma toteutetaan omaan tahtiin kierrett\u00e4v\u00e4n\u00e4 polkuvaelluksena valoista ja esityksist\u00e4 nauttien. Kiert\u00e4\u00e4 voi useammankin kerran, valaistu polku on n. 1,5 km mittainen. Polulla voi edet\u00e4 my\u00f6s lastenrattailla. Pime\u00e4 laskeutuu vasta iltaseitsem\u00e4n j\u00e4lkeen, aivan alkuun ei siis tarvitse kiirehti\u00e4. Omat taskulamput mukaan !&nbsp; [&hellip;]<\/p>\n","protected":false},"author":13,"featured_media":0,"parent":0,"menu_order":0,"comment_status":"closed","ping_status":"closed","template":"","meta":{"iawp_total_views":1281,"footnotes":""},"class_list":["post-6629","page","type-page","status-publish","hentry"],"_links":{"self":[{"href":"https:\/\/mustila.fi\/sv\/wp-json\/wp\/v2\/pages\/6629","targetHints":{"allow":["GET"]}}],"collection":[{"href":"https:\/\/mustila.fi\/sv\/wp-json\/wp\/v2\/pages"}],"about":[{"href":"https:\/\/mustila.fi\/sv\/wp-json\/wp\/v2\/types\/page"}],"author":[{"embeddable":true,"href":"https:\/\/mustila.fi\/sv\/wp-json\/wp\/v2\/users\/13"}],"replies":[{"embeddable":true,"href":"https:\/\/mustila.fi\/sv\/wp-json\/wp\/v2\/comments?post=6629"}],"version-history":[{"count":0,"href":"https:\/\/mustila.fi\/sv\/wp-json\/wp\/v2\/pages\/6629\/revisions"}],"wp:attachment":[{"href":"https:\/\/mustila.fi\/sv\/wp-json\/wp\/v2\/media?parent=6629"}],"curies":[{"name":"wp","href":"https:\/\/api.w.org\/{rel}","templated":true}]}}