{"id":6636,"date":"2023-07-28T08:21:40","date_gmt":"2023-07-28T08:21:40","guid":{"rendered":"https:\/\/mustila.fi\/?page_id=6636"},"modified":"2023-09-26T16:21:40","modified_gmt":"2023-09-26T16:21:40","slug":"usein_kysyttyja_kysymyksia","status":"publish","type":"page","link":"https:\/\/mustila.fi\/sv\/usein_kysyttyja_kysymyksia\/","title":{"rendered":"Usein kysyttyj\u00e4 kysymyksi\u00e4"},"content":{"rendered":"\n<div class=\"wp-block-table-of-contents-block-table-of-contents-block\"><div class=\"eb-parent-wrapper eb-parent-eb-toc-p502cex \"><div class=\"eb-toc-p502cex eb-toc-container eb-toc-collapsible eb-toc-initially-not-collapsed eb-toc-is-not-sticky eb-toc-scrollToTop    \" data-scroll-top=\"true\" data-collapsible=\"true\" data-hide-mobile=\"false\" data-sticky=\"false\" data-scroll-target=\"scroll_to_toc\"><div class=\"eb-toc-header\"><div class=\"eb-toc-title\">FAQ<\/div><\/div><div class=\"eb-toc-wrapper   \" data-headers=\"[{&quot;level&quot;:3,&quot;content&quot;:&quot;Mik\u00e4 on arboretum?&quot;,&quot;text&quot;:&quot;Mik\u00e4 on arboretum?&quot;,&quot;link&quot;:&quot;mik\u00e4-on-arboretum&quot;},{&quot;level&quot;:3,&quot;content&quot;:&quot;Koska alppiruusut kukkivat?&quot;,&quot;text&quot;:&quot;Koska alppiruusut kukkivat?&quot;,&quot;link&quot;:&quot;koska-alppiruusut-kukkivat&quot;},{&quot;level&quot;:3,&quot;content&quot;:&quot;Mit\u00e4 arboretumissa nyt kukkii? Milloin kannattaa tulla ruskaretkelle?&quot;,&quot;text&quot;:&quot;Mit\u00e4 arboretumissa nyt kukkii? Milloin kannattaa tulla ruskaretkelle?&quot;,&quot;link&quot;:&quot;mit\u00e4-arboretumissa-nyt-kukkii-milloin-kannattaa-tulla-ruskaretkelle&quot;},{&quot;level&quot;:3,&quot;content&quot;:&quot;Miten osaan kulkea isossa mets\u00e4puistossa?&quot;,&quot;text&quot;:&quot;Miten osaan kulkea isossa mets\u00e4puistossa?&quot;,&quot;link&quot;:&quot;miten-osaan-kulkea-isossa-mets\u00e4puistossa&quot;},{&quot;level&quot;:3,&quot;content&quot;:&quot;J\u00e4rjestet\u00e4\u00e4nk\u00f6 opastettuja kierroksia, jonne yksitt\u00e4inen ihminen voi tulla ilmoittautumatta?&quot;,&quot;text&quot;:&quot;J\u00e4rjestet\u00e4\u00e4nk\u00f6 opastettuja kierroksia, jonne yksitt\u00e4inen ihminen voi tulla ilmoittautumatta?&quot;,&quot;link&quot;:&quot;j\u00e4rjestet\u00e4\u00e4nk\u00f6-opastettuja-kierroksia-jonne-yksitt\u00e4inen-ihminen-voi-tulla-ilmoittautumatta&quot;},{&quot;level&quot;:3,&quot;content&quot;:&quot;Miksi arboretumiin on sis\u00e4\u00e4np\u00e4\u00e4symaksu?&quot;,&quot;text&quot;:&quot;Miksi arboretumiin on sis\u00e4\u00e4np\u00e4\u00e4symaksu?&quot;,&quot;link&quot;:&quot;miksi-arboretumiin-on-sis\u00e4\u00e4np\u00e4\u00e4symaksu&quot;},{&quot;level&quot;:3,&quot;content&quot;:&quot;Pit\u00e4\u00e4k\u00f6 maksaa p\u00e4\u00e4symaksu, jos k\u00e4y vain kahvilassa?&quot;,&quot;text&quot;:&quot;Pit\u00e4\u00e4k\u00f6 maksaa p\u00e4\u00e4symaksu, jos k\u00e4y vain kahvilassa?&quot;,&quot;link&quot;:&quot;pit\u00e4\u00e4k\u00f6-maksaa-p\u00e4\u00e4symaksu-jos-k\u00e4y-vain-kahvilassa&quot;},{&quot;level&quot;:3,&quot;content&quot;:&quot;Saako puistoon tuoda koiria?&quot;,&quot;text&quot;:&quot;Saako puistoon tuoda koiria?&quot;,&quot;link&quot;:&quot;saako-puistoon-tuoda-koiria&quot;},{&quot;level&quot;:3,&quot;content&quot;:&quot;Voiko puistossa liikkua py\u00f6r\u00e4tuolilla?&quot;,&quot;text&quot;:&quot;Voiko puistossa liikkua py\u00f6r\u00e4tuolilla?&quot;,&quot;link&quot;:&quot;voiko-puistossa-liikkua-py\u00f6r\u00e4tuolilla&quot;},{&quot;level&quot;:3,&quot;content&quot;:&quot;Voiko puistossa liikkua autolla?&quot;,&quot;text&quot;:&quot;Voiko puistossa liikkua autolla?&quot;,&quot;link&quot;:&quot;voiko-puistossa-liikkua-autolla&quot;},{&quot;level&quot;:3,&quot;content&quot;:&quot;Voiko arboretumissa y\u00f6py\u00e4?&quot;,&quot;text&quot;:&quot;Voiko arboretumissa y\u00f6py\u00e4?&quot;,&quot;link&quot;:&quot;voiko-arboretumissa-y\u00f6py\u00e4&quot;},{&quot;level&quot;:3,&quot;content&quot;:&quot;Saako puistosta ker\u00e4t\u00e4 siemeni\u00e4 tai taimia?&quot;,&quot;text&quot;:&quot;Saako puistosta ker\u00e4t\u00e4 siemeni\u00e4 tai taimia?&quot;,&quot;link&quot;:&quot;saako-puistosta-ker\u00e4t\u00e4-siemeni\u00e4-tai-taimia&quot;},{&quot;level&quot;:3,&quot;content&quot;:&quot;Voiko puistossa hiiht\u00e4\u00e4?&quot;,&quot;text&quot;:&quot;Voiko puistossa hiiht\u00e4\u00e4?&quot;,&quot;link&quot;:&quot;voiko-puistossa-hiiht\u00e4\u00e4&quot;},{&quot;level&quot;:3,&quot;content&quot;:&quot;Onko arboretumissa harvinaisia lintuja tai el\u00e4imi\u00e4?&quot;,&quot;text&quot;:&quot;Onko arboretumissa harvinaisia lintuja tai el\u00e4imi\u00e4?&quot;,&quot;link&quot;:&quot;onko-arboretumissa-harvinaisia-lintuja-tai-el\u00e4imi\u00e4&quot;},{&quot;level&quot;:3,&quot;content&quot;:&quot;Miksi arboretumista on kaadettu mets\u00e4\u00e4?&quot;,&quot;text&quot;:&quot;Miksi arboretumista on kaadettu mets\u00e4\u00e4?&quot;,&quot;link&quot;:&quot;miksi-arboretumista-on-kaadettu-mets\u00e4\u00e4&quot;},{&quot;level&quot;:3,&quot;content&quot;:&quot;Miss\u00e4 on Mustilan kartano? Voiko siihen tutustua?&quot;,&quot;text&quot;:&quot;Miss\u00e4 on Mustilan kartano? Voiko siihen tutustua?&quot;,&quot;link&quot;:&quot;miss\u00e4-on-mustilan-kartano-voiko-siihen-tutustua&quot;},{&quot;level&quot;:3,&quot;content&quot;:&quot;Mustila vai Mustiala?&quot;,&quot;text&quot;:&quot;Mustila vai Mustiala?&quot;,&quot;link&quot;:&quot;mustila-vai-mustiala&quot;}]\" data-visible=\"[false,false,true,false,false,false]\" data-smooth=\"true\" data-top-offset=\"\"><div class=\"eb-toc__list-wrap\"><ul class=\"eb-toc__list\"><li style=\"padding-bottom:10px\"><a href=\"#mik\u00e4-on-arboretum\">Mik\u00e4 on arboretum?<\/a><\/li><li style=\"padding-top:10px;padding-bottom:10px\"><a href=\"#koska-alppiruusut-kukkivat\">Koska alppiruusut kukkivat?<\/a><\/li><li style=\"padding-top:10px;padding-bottom:10px\"><a href=\"#mit\u00e4-arboretumissa-nyt-kukkii-milloin-kannattaa-tulla-ruskaretkelle\">Mit\u00e4 arboretumissa nyt kukkii? Milloin kannattaa tulla ruskaretkelle?<\/a><\/li><li style=\"padding-top:10px;padding-bottom:10px\"><a href=\"#miten-osaan-kulkea-isossa-mets\u00e4puistossa\">Miten osaan kulkea isossa mets\u00e4puistossa?<\/a><\/li><li style=\"padding-top:10px;padding-bottom:10px\"><a href=\"#j\u00e4rjestet\u00e4\u00e4nk\u00f6-opastettuja-kierroksia-jonne-yksitt\u00e4inen-ihminen-voi-tulla-ilmoittautumatta\">J\u00e4rjestet\u00e4\u00e4nk\u00f6 opastettuja kierroksia, jonne yksitt\u00e4inen ihminen voi tulla ilmoittautumatta?<\/a><\/li><li style=\"padding-top:10px;padding-bottom:10px\"><a href=\"#miksi-arboretumiin-on-sis\u00e4\u00e4np\u00e4\u00e4symaksu\">Miksi arboretumiin on sis\u00e4\u00e4np\u00e4\u00e4symaksu?<\/a><\/li><li style=\"padding-top:10px;padding-bottom:10px\"><a href=\"#pit\u00e4\u00e4k\u00f6-maksaa-p\u00e4\u00e4symaksu-jos-k\u00e4y-vain-kahvilassa\">Pit\u00e4\u00e4k\u00f6 maksaa p\u00e4\u00e4symaksu, jos k\u00e4y vain kahvilassa?<\/a><\/li><li style=\"padding-top:10px;padding-bottom:10px\"><a href=\"#saako-puistoon-tuoda-koiria\">Saako puistoon tuoda koiria?<\/a><\/li><li style=\"padding-top:10px;padding-bottom:10px\"><a href=\"#voiko-puistossa-liikkua-py\u00f6r\u00e4tuolilla\">Voiko puistossa liikkua py\u00f6r\u00e4tuolilla?<\/a><\/li><li style=\"padding-top:10px;padding-bottom:10px\"><a href=\"#voiko-puistossa-liikkua-autolla\">Voiko puistossa liikkua autolla?<\/a><\/li><li style=\"padding-top:10px;padding-bottom:10px\"><a href=\"#voiko-arboretumissa-y\u00f6py\u00e4\">Voiko arboretumissa y\u00f6py\u00e4?<\/a><\/li><li style=\"padding-top:10px;padding-bottom:10px\"><a href=\"#saako-puistosta-ker\u00e4t\u00e4-siemeni\u00e4-tai-taimia\">Saako puistosta ker\u00e4t\u00e4 siemeni\u00e4 tai taimia?<\/a><\/li><li style=\"padding-top:10px;padding-bottom:10px\"><a href=\"#voiko-puistossa-hiiht\u00e4\u00e4\">Voiko puistossa hiiht\u00e4\u00e4?<\/a><\/li><li style=\"padding-top:10px;padding-bottom:10px\"><a href=\"#onko-arboretumissa-harvinaisia-lintuja-tai-el\u00e4imi\u00e4\">Onko arboretumissa harvinaisia lintuja tai el\u00e4imi\u00e4?<\/a><\/li><li style=\"padding-top:10px;padding-bottom:10px\"><a href=\"#miksi-arboretumista-on-kaadettu-mets\u00e4\u00e4\">Miksi arboretumista on kaadettu mets\u00e4\u00e4?<\/a><\/li><li style=\"padding-top:10px;padding-bottom:10px\"><a href=\"#miss\u00e4-on-mustilan-kartano-voiko-siihen-tutustua\">Miss\u00e4 on Mustilan kartano? Voiko siihen tutustua?<\/a><\/li><li style=\"padding-top:10px;padding-bottom:10px\"><a href=\"#mustila-vai-mustiala\">Mustila vai Mustiala?<\/a><\/li><\/ul><\/div><\/div><\/div><\/div><\/div>\n\n\n\n<p><\/p>\n\n\n\n<h3 class=\"wp-block-heading\" id=\"MIk__on_arboretum\">Mik\u00e4 on arboretum?<\/h3>\n\n\n\n<p><em>Arboretum<\/em>&nbsp;tarkoittaa el\u00e4vien puiden kokoelmaa. Sana on uuslatinaa, muodostettu 1830-luvulla Englannissa, jossa ensimm\u00e4iset varsinaiset arboretumit rakennettiin. Suomeksi se k\u00e4\u00e4nnet\u00e4\u00e4n toisinaan puupuistoksi tai puulajipuistoksi. Arboretumeissa kasvaa tosin yleens\u00e4 puiden lis\u00e4ksi muitakin puuvartisia kasveja: pensaita, k\u00f6ynn\u00f6ksi\u00e4 ja varpuja.<\/p>\n\n\n\n<p>Arboretum voi olla puuvartisiin kasveihin erikoistunut kasvitieteellinen puutarha tai mets\u00e4puisto tai yksityisen harrastajan kokoelmapuutarha. Tyypillist\u00e4 on tutkimus ja koekasvatus ja suuri lajim\u00e4\u00e4r\u00e4 sek\u00e4 maisemallisten ja muiden kauneusarvojen huomiointi istutusten suunnittelussa. Julkisten arboretumien luonteeseen kuuluu my\u00f6s tiedotus-, opetus- ja valistusty\u00f6.<\/p>\n\n\n\n<p><\/p>\n\n\n\n<p><\/p>\n\n\n\n<h3 class=\"wp-block-heading\">Koska alppiruusut kukkivat?<\/h3>\n\n\n\n<p>Ensimm\u00e4iset alppiruusut kukkivat toukokuun alussa, viimeiset hein\u00e4kuun alussa. Runsain ainavihantien alppiruusujen kukinta sijoittuu s\u00e4ist\u00e4 riippuen tavallisesti kes\u00e4kuun 2. ja 3. viikolle, atsaleakukinta noin viikkoa aiemmaksi. Viime vuosien pitkin\u00e4, l\u00e4mpimin\u00e4 kesin\u00e4 kukinta on kuitenkin toisinaan aikaistunut jopa l\u00e4hes viikolla. S\u00e4ist\u00e4 johtuen aivan tarkkaa kukinta-aikaa on mahdoton ennustaa, eiv\u00e4tk\u00e4 kaikki pensaat ole koskaan yht\u00e4 aikaa kukassa. Kannattaa muistaa, ett\u00e4 Mustilassa on muutakin n\u00e4ht\u00e4v\u00e4\u00e4 kuin alppiruusut. Erityisen suositeltavia vierailuajankohtia on kev\u00e4tkukkijoiden ja uusien lehtien puhkeamisen aika toukokuussa sek\u00e4 ruska-aika syyskuun lopussa ja lokakuun alussa.<\/p>\n\n\n\n<p><\/p>\n\n\n\n<p><\/p>\n\n\n\n<h3 class=\"wp-block-heading\">Mit\u00e4 arboretumissa nyt kukkii? Milloin kannattaa tulla ruskaretkelle?<\/h3>\n\n\n\n<p>Kukinnan ja ruskan eteneminen riippuu s\u00e4ist\u00e4 ja vaihtelee vuosittain, mutta suurin piirtein ajankohdat ovat ennakoitavissa. Tarkempaa tietoa kaipaaville olemme koonneet&nbsp;<a href=\"https:\/\/mustila.fi\/kukintakalenteri\/\" data-type=\"page\" data-id=\"6638\">kukintakalenterin<\/a>&nbsp;ja&nbsp;<a href=\"\/ruskakalenteri\">ruskakalenterin<\/a>. Niist\u00e4 voi helposti havaita, ett\u00e4 suurin kukkarunsaus on toukokuussa ja ruska loisteliaimmillaan yleens\u00e4 syyskuun lopussa.<\/p>\n\n\n\n<p><\/p>\n\n\n\n<p><\/p>\n\n\n\n<h3 class=\"wp-block-heading\">Miten osaan kulkea isossa mets\u00e4puistossa?<\/h3>\n\n\n\n<p>Ensikertalaisia varten on puistoon merkitty viitoin kolme eripituista, helposti seurattavaa retkeilyreitti\u00e4 (1,5 km punainen, 2,5 km keltainen ja 3 km sininen reitti) sek\u00e4 kysymysrasteja sis\u00e4lt\u00e4v\u00e4 luontopolku (noin 1 km), joiden lis\u00e4ksi on vapaasti kuljettavana kymmeni\u00e4 pikkupolkuja. Suunnistamista helpottavat ilmaiseksi jaettava karttaesite, puistoon sijoitetut opasteviitat ja olet t\u00e4ss\u00e4 -taulut. Omatoimista tutustumista varten puistossa on merkitty satoja kasveja nimikyltein. T\u00e4rkeimmist\u00e4 kasveista ja teemoista kerrotaan perusteellisemmin opastauluissa. Vuonna 2011 valmistunut, Arboretumin keskeiset alueet ja 96 kasvikohdetta sis\u00e4lt\u00e4v\u00e4 uusi opaskirja on saatavissa toimistolta ja kahvilalta 8 euron hintaan. Arboretumin nettisivuilla on vapaasti luettavissa&nbsp;<a href=\"\/kasvit\/\"><strong>500 keskeisimm\u00e4n kasvin kuvaukset<\/strong><\/a>, jotka ovat luettavissa my\u00f6s maastossa \u00e4lypuhelimen avulla hy\u00f6dynt\u00e4en nimikyltteihin asennettuja QR-koodeja. Oheismateriaalia ja eri vuodenaikojen mahdollisuuksia hy\u00f6dynt\u00e4en 120 hehtaarin laajuisessa Arboretumissa riitt\u00e4\u00e4 ihmetelt\u00e4v\u00e4\u00e4 k\u00e4yt\u00e4nn\u00f6ss\u00e4 ehtym\u00e4tt\u00f6m\u00e4sti.<\/p>\n\n\n\n<p><\/p>\n\n\n\n<p><\/p>\n\n\n\n<h3 class=\"wp-block-heading\">J\u00e4rjestet\u00e4\u00e4nk\u00f6 opastettuja kierroksia, jonne yksitt\u00e4inen ihminen voi tulla ilmoittautumatta?<\/h3>\n\n\n\n<p>Pitkin vuotta, erityisesti vilkkaimpaan aikaan kes\u00e4kuussa, j\u00e4rjestet\u00e4\u00e4n opaskierroksia ja pieni\u00e4 teemaretki\u00e4 ennalta ilmoitettuina kellonaikoina, jotka l\u00f6ytyv\u00e4t&nbsp;<a href=\"\/tapahtumakalenteri\/\">tapahtumakalenterista<\/a>. Ellei toisin ole ilmoitettu, n\u00e4ille retkille p\u00e4\u00e4see sis\u00e4\u00e4np\u00e4\u00e4syn hinnalla ilman ennakkoilmoittautumista.<\/p>\n\n\n\n<p><\/p>\n\n\n\n<p><\/p>\n\n\n\n<h3 class=\"wp-block-heading\">Miksi arboretumiin on sis\u00e4\u00e4np\u00e4\u00e4symaksu?<\/h3>\n\n\n\n<p>Arboretum ei ole valtiollinen tai kunnallinen laitos, vaan sit\u00e4 yll\u00e4pit\u00e4v\u00e4 s\u00e4\u00e4ti\u00f6 joutuu itse rahoittamaan suurimman osan omasta toiminnastaan. Merkitt\u00e4vin yksitt\u00e4inen tulonl\u00e4hde on sis\u00e4\u00e4np\u00e4\u00e4symaksu. Ilman p\u00e4\u00e4symaksua Arboretumin yll\u00e4pito, hoito ja kehitt\u00e4minen ei olisi mahdollista.<\/p>\n\n\n\n<p><\/p>\n\n\n\n<p><\/p>\n\n\n\n<h3 class=\"wp-block-heading\">Pit\u00e4\u00e4k\u00f6 maksaa p\u00e4\u00e4symaksu, jos k\u00e4y vain kahvilassa?<\/h3>\n\n\n\n<p>Ei tarvitse. P\u00e4\u00e4symaksu koskee arboretumia, ei kahvilaa tai toimistoa.<\/p>\n\n\n\n<p><\/p>\n\n\n\n<p><\/p>\n\n\n\n<h3 class=\"wp-block-heading\">Saako puistoon tuoda koiria?<\/h3>\n\n\n\n<p>Lemmikkiel\u00e4imi\u00e4 saa tuoda Arboretumiin kunhan ne pidet\u00e4\u00e4n asianmukaisesti kytkettyn\u00e4 ja niiden j\u00e4t\u00f6kset korjataan pois n\u00e4kyvist\u00e4. Lemmikeille ei ole erillist\u00e4 p\u00e4\u00e4symaksua.<\/p>\n\n\n\n<p><\/p>\n\n\n\n<p><\/p>\n\n\n\n<h3 class=\"wp-block-heading\">Voiko puistossa liikkua py\u00f6r\u00e4tuolilla?<\/h3>\n\n\n\n<p>Kaikki polut eiv\u00e4t ole kuljettavissa py\u00f6r\u00e4tuolilla, mutta keskeisill\u00e4 alueilla Atsalearinteell\u00e4, Alppiruusulaaksossa ja Ketunm\u00e4ess\u00e4 pidet\u00e4\u00e4n leveit\u00e4, hyvin huollettuja polkuja, joita on mahdollista kulkea my\u00f6s py\u00f6r\u00e4tuolilla. Kev\u00e4\u00e4ll\u00e4 2012 on kunnostettu ja merkitty erillinen&nbsp;<a href=\"\/pyoratuolilla_arboretumiin\/\">py\u00f6r\u00e4tuolireitti<\/a>.<\/p>\n\n\n\n<p><\/p>\n\n\n\n<p><\/p>\n\n\n\n<h3 class=\"wp-block-heading\">Voiko puistossa liikkua autolla?<\/h3>\n\n\n\n<p>Puiston ymp\u00e4ri kulkee yksi autotie. Arboretumin sis\u00e4ll\u00e4 kulkevat tiet ovat huoltoteitten pohjia jotka soveltuvat l\u00e4hinn\u00e4 jalankulkuun, ratsastukseen sek\u00e4 traktoreille ja mets\u00e4koneille.&nbsp;Autoilu my\u00f6s rikkoo tehokkaasti mets\u00e4n rauhan. T\u00e4st\u00e4 syyst\u00e4 autolla kulkeminen Arboretumissa on sallittu vain poikkeusluvalla.<\/p>\n\n\n\n<p><\/p>\n\n\n\n<p><\/p>\n\n\n\n<h3 class=\"wp-block-heading\">Voiko arboretumissa y\u00f6py\u00e4?<\/h3>\n\n\n\n<p>Arboretumissa ei ole majoitushuoneita eiv\u00e4tk\u00e4 ns. fasiliteetit liioin mahdollista telttailua arboretumin alueella. L\u00e4hiseudulla on kuitenkin&nbsp;<a href=\"\/muut_kohteet_a_palvelut\/#Majoitus\">muita y\u00f6pymispaikkoja<\/a>.<\/p>\n\n\n\n<p><\/p>\n\n\n\n<p><\/p>\n\n\n\n<h3 class=\"wp-block-heading\">Saako puistosta ker\u00e4t\u00e4 siemeni\u00e4 tai taimia?<\/h3>\n\n\n\n<p>Ellei erikseen toisin sovita, on siementen ja taimien keruu kielletty. Joissain poikkeustapauksissa omatoimiseen keruuseen voidaan antaa lupa. Arboretumin v\u00e4ki toivoo ettei kasveihin tai niiden siemeniin kajottaisi, sill\u00e4 niit\u00e4 saatetaan tarvita puiston omaan tutkimus- ja lis\u00e4ysk\u00e4ytt\u00f6\u00f6n. &#8221;Rassaaminen&#8221; voi my\u00f6s j\u00e4tt\u00e4\u00e4 pahoja j\u00e4lki\u00e4 maastoon.<\/p>\n\n\n\n<p><\/p>\n\n\n\n<p><\/p>\n\n\n\n<h3 class=\"wp-block-heading\">Voiko puistossa hiiht\u00e4\u00e4?<\/h3>\n\n\n\n<p>Puistossa saa liikkua suksilla talvisin, ja runsaslumisina talvina puistoon yleens\u00e4 tehd\u00e4\u00e4n retkeilyladun pohjat. Korkeatasoisten hiihtolatujen yll\u00e4pito ei valitettavasti ole Arboretumin resursseilla t\u00e4ll\u00e4 hetkell\u00e4 mahdollista. Huoltoteitten pohjat pidet\u00e4\u00e4n aurattuna l\u00e4pi talven, joten talviseen Arboretumiin on mahdollista tutustua osittain my\u00f6s&nbsp;jalan.<\/p>\n\n\n\n<p><\/p>\n\n\n\n<p><\/p>\n\n\n\n<h3 class=\"wp-block-heading\">Onko arboretumissa harvinaisia lintuja tai el\u00e4imi\u00e4?<\/h3>\n\n\n\n<p>Arboretum on lintuharrastajien suosiossa, sill\u00e4 monimuotoinen ymp\u00e4rist\u00f6 houkuttelee alueelle runsaasti erilaisia lintuja. Alueella s\u00e4\u00e4nn\u00f6llisesti havaittuja harvinaisuuksia ovat sembra- ja makedonianm\u00e4ntyj\u00e4 syksyisin etsiv\u00e4t p\u00e4hkin\u00e4hakit (<em>Nucifraga caryocatactes<\/em>) ja lehtikuusien siemeni\u00e4 talvisin sy\u00f6v\u00e4t kirjosiipik\u00e4pylinnut (<em>Loxia leucoptera<\/em>). Laajempi mutta ei kattava lintujen luettelo on luettavissa&nbsp;<a href=\"\/lintuja_mustilassa\/\">t\u00e4\u00e4ll\u00e4<\/a>.&nbsp;<\/p>\n\n\n\n<p>Arboretumissa vakituisesti asustavia isompia nis\u00e4kk\u00e4it\u00e4 ovat oravat, j\u00e4nikset, rusakot, ketut ja m\u00e4yr\u00e4t sek\u00e4 tietenkin hiiret ja myyr\u00e4t. Siilej\u00e4 n\u00e4htiin aiemmin vain satunnaisesti, mutta 2010-luvun lopussa niit\u00e4 istutettiin arboretumiin, ja ne n\u00e4ytt\u00e4v\u00e4t kotiutuneen. Lepakkolajistoa ei ole kattavasti selvitetty. Isompia el\u00e4imi\u00e4 kuten hirvi\u00e4, valkoh\u00e4nt\u00e4peuroja, villisikoja ja ilveksi\u00e4 on viime vuosina n\u00e4hty aiempaa runsaammin. Arboretumista l\u00f6ytyy runsaasti ja my\u00f6s harvinaisia hy\u00f6nteisi\u00e4, joita on kartoitettukin, mutta kattavia selvityksi\u00e4 ei ole arboretumin hallussa. Arboretumissa ei ole hoidettuja kotiel\u00e4imi\u00e4.<\/p>\n\n\n\n<p><\/p>\n\n\n\n<p><\/p>\n\n\n\n<h3 class=\"wp-block-heading\">Miksi arboretumista on kaadettu mets\u00e4\u00e4?<\/h3>\n\n\n\n<p>Kev\u00e4ttalvella 2012 Arboretumista jouduttiin kaatamaan useita ik\u00e4\u00e4ntyneit\u00e4 metsik\u00f6it\u00e4 kotimaista kuusta. Syyn\u00e4 oli kirjanpainaja-niminen hy\u00f6nteinen, joka vaivaa vanhoja kuusikoita ja tappaa yli-ik\u00e4iset puut nopeasti pystyyn. Puut kaadettiin, jotta hy\u00f6nteisen levi\u00e4minen saataisiin pys\u00e4ytetyksi ja edes osa yli 100-vuotiaista kuusikoista s\u00e4ilyisi Arboretumissa esimerkkin\u00e4 kauniista, kotimaisista metsist\u00e4. Vanhoja istutuskuusikoita on jouduttu hakkaamaan my\u00f6s kev\u00e4ttalvella 2022. Kirjanpainajan tuhoja ei ole havaittu muissa havupuissa kuin kotimaisessa kuusessa.<\/p>\n\n\n\n<p><\/p>\n\n\n\n<p><\/p>\n\n\n\n<h3 class=\"wp-block-heading\">Miss\u00e4 on Mustilan kartano? Voiko siihen tutustua?<\/h3>\n\n\n\n<p>Mustilan kartano sijaitsee Arboretumin kaakkoislaidalla. Vuonna 1917 valmistunut p\u00e4\u00e4rakennus toimi mm. sotasairaalana ja purettiin huonokuntoisena 1970-luvun alussa. 1700-luvulta per\u00e4isin olevat sivurakennukset ovat edelleen Mustilan Tigerstedtien koti. T\u00e4st\u00e4 syyst\u00e4 kartano ja sen aidattu pihapuisto eiv\u00e4t ole avoinna matkailijoille. Elim\u00e4ell\u00e4 n. 5 km Mustilasta it\u00e4\u00e4n sijaitseva Moision kartano oli pitk\u00e4\u00e4n avoimena yleis\u00f6lle, mutta etsii t\u00e4ll\u00e4 hetkell\u00e4 uutta omistajaa Kouvolan kaupungin p\u00e4\u00e4tetty\u00e4 myyd\u00e4 sen.<\/p>\n\n\n\n<p><\/p>\n\n\n\n<p><\/p>\n\n\n\n<h3 class=\"wp-block-heading\">Mustila vai Mustiala?<\/h3>\n\n\n\n<p>Arboretum sijaitsee Elim\u00e4en Mustilassa. Mustiala sen sijaan sijaitsee Tammelassa Etel\u00e4-H\u00e4meess\u00e4. Aikoinaan Tammelan Mustiala oli tunnettu maanviljelysopistostaan. Nykyisin Mustialassa toimivat H\u00e4meen Ammattikorkeakoulun ja H\u00e4meen ammattiopiston yksik\u00f6t. Tammelan Mustiala on antanut nimens\u00e4 mustialanruusulle, Elim\u00e4en Mustila taas mustilanalppiruusulle.<\/p>\n\n\n\n<p><\/p>\n","protected":false},"excerpt":{"rendered":"<p>Mik\u00e4 on arboretum? Arboretum&nbsp;tarkoittaa el\u00e4vien puiden kokoelmaa. Sana on uuslatinaa, muodostettu 1830-luvulla Englannissa, jossa ensimm\u00e4iset varsinaiset arboretumit rakennettiin. Suomeksi se k\u00e4\u00e4nnet\u00e4\u00e4n toisinaan puupuistoksi tai puulajipuistoksi. Arboretumeissa kasvaa tosin yleens\u00e4 puiden lis\u00e4ksi muitakin puuvartisia kasveja: pensaita, k\u00f6ynn\u00f6ksi\u00e4 ja varpuja. Arboretum voi olla puuvartisiin kasveihin erikoistunut kasvitieteellinen puutarha tai mets\u00e4puisto tai yksityisen harrastajan kokoelmapuutarha. Tyypillist\u00e4 on tutkimus [&hellip;]<\/p>\n","protected":false},"author":2,"featured_media":0,"parent":0,"menu_order":0,"comment_status":"closed","ping_status":"closed","template":"","meta":{"iawp_total_views":323,"footnotes":""},"class_list":["post-6636","page","type-page","status-publish","hentry"],"_links":{"self":[{"href":"https:\/\/mustila.fi\/sv\/wp-json\/wp\/v2\/pages\/6636","targetHints":{"allow":["GET"]}}],"collection":[{"href":"https:\/\/mustila.fi\/sv\/wp-json\/wp\/v2\/pages"}],"about":[{"href":"https:\/\/mustila.fi\/sv\/wp-json\/wp\/v2\/types\/page"}],"author":[{"embeddable":true,"href":"https:\/\/mustila.fi\/sv\/wp-json\/wp\/v2\/users\/2"}],"replies":[{"embeddable":true,"href":"https:\/\/mustila.fi\/sv\/wp-json\/wp\/v2\/comments?post=6636"}],"version-history":[{"count":0,"href":"https:\/\/mustila.fi\/sv\/wp-json\/wp\/v2\/pages\/6636\/revisions"}],"wp:attachment":[{"href":"https:\/\/mustila.fi\/sv\/wp-json\/wp\/v2\/media?parent=6636"}],"curies":[{"name":"wp","href":"https:\/\/api.w.org\/{rel}","templated":true}]}}