{"id":6651,"date":"2023-07-28T08:32:55","date_gmt":"2023-07-28T08:32:55","guid":{"rendered":"https:\/\/mustila.fi\/?page_id=6651"},"modified":"2023-09-26T19:38:19","modified_gmt":"2023-09-26T19:38:19","slug":"lajiluettelo","status":"publish","type":"page","link":"https:\/\/mustila.fi\/sv\/lajiluettelo\/","title":{"rendered":"Lajiluettelo"},"content":{"rendered":"\n<p>Ulsike-lajiston kuvaukset ovat aikansa eli 1990-luvun lopun tuotteita. Allalinkitettyyn sis\u00e4lt\u00f6\u00f6n on syyt\u00e4 suhtautua t\u00e4st\u00e4 n\u00e4k\u00f6kulmasta k\u00e4sin, mielenkiintoisena lis\u00e4tietona, ja tarkistaa esim. menestymiseen ja kasvupaikkavaatimuksiin liittyv\u00e4t tieto arboretumin uusista&nbsp;<a href=\"https:\/\/mustila.fi\/kasvit\">kasvikuvauksista<\/a>.<\/p>\n\n\n\n<p>1.<em>\u00a0<a href=\"https:\/\/mustila.fi\/ukk-1-abies-amabilis-purppurapihta\/\" data-type=\"page\" data-id=\"17552\">Abies amabilis<\/a><\/em>\u00a0 &#8211; purppurapihta I-II<\/p>\n\n\n\n<p>2.\u00a0<em><a href=\"https:\/\/mustila.fi\/ukk-2-abies-holophylla-ussurinpihta\/\" data-type=\"page\" data-id=\"17554\">Abies holophylla<\/a>\u00a0&#8211;\u00a0<\/em>ussurinpihta I-III<\/p>\n\n\n\n<p>3.<em>\u00a0<a href=\"https:\/\/mustila.fi\/ukk-3-abies-veitchii-japaninpihta\/\" data-type=\"post\" data-id=\"17556\">Abies veitchii<\/a>\u00a0<\/em>&#8211; japaninpihta I-III<\/p>\n\n\n\n<p>4.\u00a0<em><a href=\"https:\/\/mustila.fi\/ukk-4-abies-mariesii-honsunpihta\/\" data-type=\"post\" data-id=\"17557\">Abies mariesii<\/a><\/em>\u00a0&#8211; honsunpihta I-II<\/p>\n\n\n\n<p>5.\u00a0<em><a href=\"https:\/\/mustila.fi\/ukk-5-chamaecyparis-pisifera-hernesypressi\/\" data-type=\"post\" data-id=\"17558\">Chamaecyparis pisifera<\/a><\/em>\u00a0&#8211; hernesypressi I-II<\/p>\n\n\n\n<p>6.\u00a0<em><a href=\"https:\/\/mustila.fi\/ukk-6-larix-gmelinii-var-japonica-kuriilienlehtikuusi\/\" data-type=\"post\" data-id=\"17559\">Larix gmelinii\u00a0<\/a><\/em><a href=\"https:\/\/mustila.fi\/ukk\/6_larix_gmelinii_var_japonica_kuriilienlehtikuusi\">var.\u00a0<\/a><em><a href=\"https:\/\/mustila.fi\/ukk\/6_larix_gmelinii_var_japonica_kuriilienlehtikuusi\">japonica<\/a>\u00a0<\/em>&#8211; kuriilienlehtikuusi I-IV<\/p>\n\n\n\n<p>7.<em>\u00a0<a href=\"https:\/\/mustila.fi\/ukk-7-larix-kaempferi-japaninlehtikuusi\/\" data-type=\"page\" data-id=\"17565\">Larix kaempferi<\/a><\/em>\u00a0&#8211; japaninlehtikuusi I-III<\/p>\n\n\n\n<p>8.\u00a0\u00a0<em><a href=\"https:\/\/mustila.fi\/ukk-8-thuja-koraiensis-koreantuija\/\" data-type=\"page\" data-id=\"17566\">Thuja koraiensis<\/a><\/em>\u00a0&#8211; koreantuija I-III<\/p>\n\n\n\n<p>9.\u00a0\u00a0<em><a href=\"https:\/\/mustila.fi\/ukk-9-thuja-plicata-jattituija\/\" data-type=\"page\" data-id=\"17567\">Thuja plicata<\/a><\/em>\u00a0&#8211; j\u00e4ttituija I-II<\/p>\n\n\n\n<p>10.\u00a0<em><a href=\"https:\/\/mustila.fi\/ukk-10-tsuga-diversifolia-japaninhemlokki\/\" data-type=\"page\" data-id=\"17568\">Tsuga diversifolia<\/a><\/em>\u00a0&#8211; japaninhemlokki I-II<\/p>\n\n\n\n<p>11.\u00a0<em><a href=\"https:\/\/mustila.fi\/ukk-11-tsuga-heterophylla-lannenhemlokki\/\" data-type=\"page\" data-id=\"17569\">Tsuga heterophylla<\/a><\/em>\u00a0&#8211; l\u00e4nnenhemlokki I-II(III)<\/p>\n\n\n\n<p>12.\u00a0<em><a href=\"https:\/\/mustila.fi\/ukk-12-tsuga-mertensiana-vuorihemlokki\/\" data-type=\"page\" data-id=\"17572\">Tsuga mertensiana<\/a><\/em>\u00a0&#8211; vuorihemlokki I-(III)<\/p>\n\n\n\n<p>13.\u00a0<em><a href=\"https:\/\/mustila.fi\/ukk-13-eleutherococcus-senticosus-venajanjuuri\/\" data-type=\"page\" data-id=\"17574\">Eleutherococcus senticosus<\/a>\u00a0<\/em>&#8211; ven\u00e4j\u00e4njuuri I-IV<\/p>\n\n\n\n<p>14.\u00a0<em><a href=\"https:\/\/mustila.fi\/ukk-14-acer-saccharinum-hopeavaahtera\/\" data-type=\"page\" data-id=\"17581\">Acer saccharinum<\/a><\/em>\u00a0&#8211; hopeavaahtera I-III<\/p>\n\n\n\n<p>15.\u00a0<em><a href=\"https:\/\/mustila.fi\/ukk-15-acer-sieboldianum-sirovaahtera\/\" data-type=\"page\" data-id=\"17582\">Acer sieboldianum<\/a><\/em>\u00a0&#8211; sirovaahtera I-II<\/p>\n\n\n\n<p>16.\u00a0<em><a href=\"https:\/\/mustila.fi\/ukk-16-acer-spicatum-tahkavaahtera\/\" data-type=\"page\" data-id=\"17586\">Acer spicatum<\/a><\/em>\u00a0&#8211; t\u00e4hk\u00e4vaahtera I-IV<\/p>\n\n\n\n<p>17.\u00a0<em><a href=\"https:\/\/mustila.fi\/ukk-17-acer-triflorum-huntuvaahtera\/\" data-type=\"page\" data-id=\"17587\">Acer triflorum<\/a><\/em>\u00a0&#8211; huntuvaahtera I-III<\/p>\n\n\n\n<p>18.\u00a0<a href=\"https:\/\/mustila.fi\/ukk-18-aesculus-hybr-hevoskastanjaristeymat\/\" data-type=\"page\" data-id=\"17588\"><em>Aesculus<\/em>\u00a0hybr.<\/a>\u00a0&#8211; hevoskastanjahybridit I-III<\/p>\n\n\n\n<p>19.<em>\u00a0<a href=\"https:\/\/mustila.fi\/ukk-19-betula-alleghaniensis-keltakoivu\/\" data-type=\"page\" data-id=\"17589\">Betula alleghaniensis<\/a><\/em>\u00a0&#8211; keltakoivu I-III<\/p>\n\n\n\n<p>20.\u00a0<em><a href=\"https:\/\/mustila.fi\/ukk-20-cercidiphyllum-japonicum-katsura\/\" data-type=\"page\" data-id=\"17591\">Cercidiphyllum japonicum<\/a><\/em>\u00a0&#8211; katsura I-(III)<\/p>\n\n\n\n<p>21.\u00a0<em><a href=\"https:\/\/mustila.fi\/ukk-21-fraxinus-mandshurica-mantsuriansaarni\/\" data-type=\"page\" data-id=\"17593\">Fraxinus mandshurica<\/a><\/em>\u00a0&#8211; mantsuriansaarni I-IV<\/p>\n\n\n\n<p>22.\u00a0<em><a href=\"https:\/\/mustila.fi\/ukk-22-juglans-spp-jalopahkinat\/\" data-type=\"page\" data-id=\"17594\"><em>Juglans<\/em>\u00a0spp.<\/a>\u00a0&#8211; jalop\u00e4hkin\u00e4t I-III<\/em><\/p>\n\n\n\n<p>23.<em>\u00a0<a href=\"https:\/\/mustila.fi\/ukk-23-magnolia-kobus-japaninmagnolia\/\" data-type=\"page\" data-id=\"17598\">Magnolia kobus<\/a><\/em>\u00a0&#8211; japaninmagnolia I-II<\/p>\n\n\n\n<p>24.<em>\u00a0<a href=\"https:\/\/mustila.fi\/ukk-24-magnolia-sieboldii-pensasmagnolia\/\" data-type=\"page\" data-id=\"17600\">Magnolia sieboldii<\/a><\/em>\u00a0&#8211; pensasmagnolia I-III<\/p>\n\n\n\n<p>25.\u00a0<em><a href=\"https:\/\/mustila.fi\/ukk-25-oplopanax-horridus-pirunnuija\/\" data-type=\"page\" data-id=\"17601\">Oplopanax horridus<\/a><\/em>\u00a0&#8211; pirunnuija I-IV<\/p>\n\n\n\n<p>26.\u00a0<em><a href=\"https:\/\/mustila.fi\/ukk-26-phellodendron-amurense-amurinkorkkipuu\/\" data-type=\"page\" data-id=\"17603\">Phellodendron amurense<\/a><\/em>\u00a0&#8211; amurinkorkkipuu I-II<\/p>\n\n\n\n<p>27.&nbsp;<em>Prunus mahaleb<\/em>&nbsp;&#8211; veikselinkirsikka I-III<\/p>\n\n\n\n<p>28.&nbsp;<em>Prunus mandshurica<\/em>&nbsp;&#8211; mantsurianaprikoosi I<\/p>\n\n\n\n<p>29.\u00a0<em><a href=\"https:\/\/mustila.fi\/ukk-29-prunus-sargentii-rusokirsikka\/\" data-type=\"page\" data-id=\"17604\">Prunus sargentii<\/a><\/em>\u00a0&#8211; rusokirsikka I-III<\/p>\n\n\n\n<p>30.\u00a0<em><a href=\"https:\/\/mustila.fi\/ukk-30-pterocarya-rhoifolia-japaninsiipipahkina\/\" data-type=\"page\" data-id=\"17605\">Pterocarya rhoifolia<\/a>\u00a0<\/em>&#8211; japaninsiipip\u00e4hkin\u00e4 I-II<\/p>\n\n\n\n<p>31.\u00a0<em><a href=\"https:\/\/mustila.fi\/ukk-31-pyrus-ussuriensis-ussurinpaaryna\/\" data-type=\"page\" data-id=\"17608\">Pyrus ussuriensis<\/a><\/em>\u00a0&#8211; ussurinp\u00e4\u00e4ryn\u00e4 I-V<\/p>\n\n\n\n<p>32.&nbsp;<em>Fagus grandifolia<\/em>&nbsp;&#8211; amerikanpy\u00f6kki I-II<\/p>\n\n\n\n<p>33.&nbsp;<em>Juniperus scopulorum<\/em>&nbsp;&#8211; kalliovuortenkataja I-III<\/p>\n\n\n\n<p>34.&nbsp;<em>Acer pensylvanicum<\/em>&nbsp;&#8211; pennsylvanianvaahtera I-III<\/p>\n\n\n\n<p>35.&nbsp;<em>Ostrya virginiana<\/em>&nbsp;&#8211; amerikanhumalapy\u00f6kki I-III<\/p>\n","protected":false},"excerpt":{"rendered":"<p>Ulsike-lajiston kuvaukset ovat aikansa eli 1990-luvun lopun tuotteita. Allalinkitettyyn sis\u00e4lt\u00f6\u00f6n on syyt\u00e4 suhtautua t\u00e4st\u00e4 n\u00e4k\u00f6kulmasta k\u00e4sin, mielenkiintoisena lis\u00e4tietona, ja tarkistaa esim. menestymiseen ja kasvupaikkavaatimuksiin liittyv\u00e4t tieto arboretumin uusista&nbsp;kasvikuvauksista. 1.\u00a0Abies amabilis\u00a0 &#8211; purppurapihta I-II 2.\u00a0Abies holophylla\u00a0&#8211;\u00a0ussurinpihta I-III 3.\u00a0Abies veitchii\u00a0&#8211; japaninpihta I-III 4.\u00a0Abies mariesii\u00a0&#8211; honsunpihta I-II 5.\u00a0Chamaecyparis pisifera\u00a0&#8211; hernesypressi I-II 6.\u00a0Larix gmelinii\u00a0var.\u00a0japonica\u00a0&#8211; kuriilienlehtikuusi I-IV 7.\u00a0Larix kaempferi\u00a0&#8211; japaninlehtikuusi [&hellip;]<\/p>\n","protected":false},"author":2,"featured_media":0,"parent":0,"menu_order":0,"comment_status":"closed","ping_status":"closed","template":"","meta":{"iawp_total_views":42,"footnotes":""},"class_list":["post-6651","page","type-page","status-publish","hentry"],"_links":{"self":[{"href":"https:\/\/mustila.fi\/sv\/wp-json\/wp\/v2\/pages\/6651","targetHints":{"allow":["GET"]}}],"collection":[{"href":"https:\/\/mustila.fi\/sv\/wp-json\/wp\/v2\/pages"}],"about":[{"href":"https:\/\/mustila.fi\/sv\/wp-json\/wp\/v2\/types\/page"}],"author":[{"embeddable":true,"href":"https:\/\/mustila.fi\/sv\/wp-json\/wp\/v2\/users\/2"}],"replies":[{"embeddable":true,"href":"https:\/\/mustila.fi\/sv\/wp-json\/wp\/v2\/comments?post=6651"}],"version-history":[{"count":0,"href":"https:\/\/mustila.fi\/sv\/wp-json\/wp\/v2\/pages\/6651\/revisions"}],"wp:attachment":[{"href":"https:\/\/mustila.fi\/sv\/wp-json\/wp\/v2\/media?parent=6651"}],"curies":[{"name":"wp","href":"https:\/\/api.w.org\/{rel}","templated":true}]}}