{"id":6656,"date":"2023-07-28T08:42:48","date_gmt":"2023-07-28T08:42:48","guid":{"rendered":"https:\/\/mustila.fi\/?page_id=6656"},"modified":"2023-09-26T19:45:40","modified_gmt":"2023-09-26T19:45:40","slug":"1993-2","status":"publish","type":"page","link":"https:\/\/mustila.fi\/sv\/1993-2\/","title":{"rendered":"1993"},"content":{"rendered":"\n<figure class=\"wp-block-table\"><table><tbody><tr><td><a href=\"https:\/\/mustila.fi\/en\/ulsike-1993-29-pinus-pumila-pensassembra\/\" data-type=\"page\" data-id=\"17508\"><em>Pinus pumila<\/em><\/a><\/td><td>pensassembra<\/td><td>&nbsp;K09-92-005<\/td><td>&nbsp;<\/td><\/tr><tr><td><a href=\"https:\/\/mustila.fi\/ulsike-1993-30-prunus-virginiana-virginiantuomi\/\" data-type=\"page\" data-id=\"17545\"><em>Prunus virginiana<\/em><\/a><\/td><td>virginiantuomi<\/td><td>&nbsp;K09-92-076<\/td><td>&nbsp;<\/td><\/tr><tr><td><a href=\"https:\/\/mustila.fi\/ulsike-1993-31-pinus-koraiensis-koreanmanty\/\" data-type=\"page\" data-id=\"17548\"><em>Pinus koraiensis<\/em><\/a><\/td><td>koreanm\u00e4nty<\/td><td>&nbsp;K09-93-013<\/td><td>&nbsp;<\/td><\/tr><tr><td><a href=\"https:\/\/mustila.fi\/ulsike-1993-32-picea-glauca-var-densata-tiheavalkokuusi\/\" data-type=\"page\" data-id=\"17550\"><em>Picea glauca<\/em>\u00a0var<em>. densata<\/em><\/a><\/td><td>tihe\u00e4valkokuusi<\/td><td>&nbsp;K09-93-025<\/td><td>&nbsp;<\/td><\/tr><tr><td><a href=\"https:\/\/mustila.fi\/ulsike-1993-33-abies-lasiocarpa-var-arizonica-korkkipihta\/\" data-type=\"page\" data-id=\"17563\"><em>Abies lasiocarpa\u00a0<\/em>var<em>. arizonica<\/em><\/a><\/td><td>korkkipihta<\/td><td>&nbsp;K09-93-026<\/td><td>&nbsp;<\/td><\/tr><tr><td><a href=\"https:\/\/mustila.fi\/ulsike-1993-34-cupressus-arizonica-arizonansypressi\/\" data-type=\"page\" data-id=\"17579\"><em>Cupressus arizonica<\/em><\/a><\/td><td>arizonansypressi<\/td><td>&nbsp;K09-93-024<\/td><td>&nbsp;<\/td><\/tr><tr><td><a href=\"https:\/\/mustila.fi\/ulsike-1993-35-juglans-ailanthifolia-japaninjalopahkina\/\" data-type=\"page\" data-id=\"17592\"><em>Juglans ailanthifolia<\/em><\/a><\/td><td>japaninjalop\u00e4hkin\u00e4<\/td><td>&nbsp;K09-93-014<\/td><td>&nbsp;<\/td><\/tr><tr><td><a href=\"https:\/\/mustila.fi\/ulsike-1993-36-actinidia-arguta-japaninlaikkukoynnos\/\" data-type=\"page\" data-id=\"17607\"><em>Actinidia arguta<\/em><\/a><\/td><td>japaninlaikkuk\u00f6ynn\u00f6s<\/td><td>&nbsp;K09-93-006<\/td><td>&nbsp;<\/td><\/tr><tr><td><a href=\"https:\/\/mustila.fi\/ulsike-1993-37-tsuga-heterophylla-lannenhemlokki\/\" data-type=\"page\" data-id=\"17617\"><em>Tsuga heterophylla<\/em><\/a><\/td><td>l\u00e4nnenhemlokki<\/td><td>&nbsp;K09-93-036<\/td><td>&nbsp;<\/td><\/tr><tr><td><a href=\"https:\/\/mustila.fi\/ulsike-1993-38-prunus-maackii-tuohituomi\/\" data-type=\"page\" data-id=\"17620\"><em>Prunus maackii<\/em><\/a><\/td><td>tuohituomi<\/td><td>&nbsp;K09-93-010<\/td><td>&nbsp;<\/td><\/tr><tr><td><a href=\"https:\/\/mustila.fi\/ulsike-1993-39-pinus-flexilis-kalliovuortensembra\/\" data-type=\"page\" data-id=\"17624\"><em>Pinus flexilis<\/em><\/a><\/td><td>kalliovuortensembra<\/td><td>&nbsp;K09-93-028<\/td><td>&nbsp;<\/td><\/tr><tr><td><a href=\"https:\/\/mustila.fi\/ulsike-1993-40-pinus-edulis-pahkinamanty\/\" data-type=\"page\" data-id=\"17627\"><em>Pinus edulis<\/em><\/a><\/td><td>p\u00e4hkin\u00e4m\u00e4nty<\/td><td>&nbsp;K09-93-029<\/td><td>&nbsp;<\/td><\/tr><tr><td><a href=\"https:\/\/mustila.fi\/ulsike-1993-41-pinus-monticola-vuoristovalkomanty\/\" data-type=\"page\" data-id=\"17634\"><em>Pinus monticola<\/em><\/a><\/td><td>vuoristovalkom\u00e4nty<\/td><td>&nbsp;K09-91-115<\/td><td>&nbsp;<\/td><\/tr><tr><td><a href=\"https:\/\/mustila.fi\/ulsike-1993-42-pinus-aristata-aristatamanty\/\" data-type=\"page\" data-id=\"17644\"><em>Pinus aristata<\/em><\/a><\/td><td>aristatam\u00e4nty<\/td><td>&nbsp;K09-93-021<\/td><td>&nbsp;<\/td><\/tr><tr><td><a href=\"https:\/\/mustila.fi\/ulsike-1993-43-prunus-mandshurica-mantsurianaprikoosi\/\" data-type=\"page\" data-id=\"17646\"><em>Prunus mandshurica<\/em><\/a><\/td><td>mantsurianaprikoosi<\/td><td>&nbsp;K09-93-007<\/td><\/tr><\/tbody><\/table><\/figure>\n","protected":false},"excerpt":{"rendered":"<p>Pinus pumila pensassembra &nbsp;K09-92-005 &nbsp; Prunus virginiana virginiantuomi &nbsp;K09-92-076 &nbsp; Pinus koraiensis koreanm\u00e4nty &nbsp;K09-93-013 &nbsp; Picea glauca\u00a0var. densata tihe\u00e4valkokuusi &nbsp;K09-93-025 &nbsp; Abies lasiocarpa\u00a0var. arizonica korkkipihta &nbsp;K09-93-026 &nbsp; Cupressus arizonica arizonansypressi &nbsp;K09-93-024 &nbsp; Juglans ailanthifolia japaninjalop\u00e4hkin\u00e4 &nbsp;K09-93-014 &nbsp; Actinidia arguta japaninlaikkuk\u00f6ynn\u00f6s &nbsp;K09-93-006 &nbsp; Tsuga heterophylla l\u00e4nnenhemlokki &nbsp;K09-93-036 &nbsp; Prunus maackii tuohituomi &nbsp;K09-93-010 &nbsp; Pinus flexilis kalliovuortensembra [&hellip;]<\/p>\n","protected":false},"author":2,"featured_media":0,"parent":0,"menu_order":0,"comment_status":"closed","ping_status":"closed","template":"","meta":{"iawp_total_views":18,"footnotes":""},"class_list":["post-6656","page","type-page","status-publish","hentry"],"_links":{"self":[{"href":"https:\/\/mustila.fi\/sv\/wp-json\/wp\/v2\/pages\/6656","targetHints":{"allow":["GET"]}}],"collection":[{"href":"https:\/\/mustila.fi\/sv\/wp-json\/wp\/v2\/pages"}],"about":[{"href":"https:\/\/mustila.fi\/sv\/wp-json\/wp\/v2\/types\/page"}],"author":[{"embeddable":true,"href":"https:\/\/mustila.fi\/sv\/wp-json\/wp\/v2\/users\/2"}],"replies":[{"embeddable":true,"href":"https:\/\/mustila.fi\/sv\/wp-json\/wp\/v2\/comments?post=6656"}],"version-history":[{"count":0,"href":"https:\/\/mustila.fi\/sv\/wp-json\/wp\/v2\/pages\/6656\/revisions"}],"wp:attachment":[{"href":"https:\/\/mustila.fi\/sv\/wp-json\/wp\/v2\/media?parent=6656"}],"curies":[{"name":"wp","href":"https:\/\/api.w.org\/{rel}","templated":true}]}}