{"id":6658,"date":"2023-07-28T08:43:21","date_gmt":"2023-07-28T08:43:21","guid":{"rendered":"https:\/\/mustila.fi\/?page_id=6658"},"modified":"2023-09-27T07:15:48","modified_gmt":"2023-09-27T07:15:48","slug":"1994-2","status":"publish","type":"page","link":"https:\/\/mustila.fi\/sv\/1994-2\/","title":{"rendered":"1994"},"content":{"rendered":"\n<figure class=\"wp-block-table\"><table><tbody><tr><td><em><a href=\"https:\/\/mustila.fi\/ulsike-1994-44-aesculus-octandra-keltahevoskastanja\/\" data-type=\"page\" data-id=\"17651\">Aesculus octandra<\/a><\/em><\/td><td>keltahevoskastanja<\/td><td>&nbsp;K09-93-252<\/td><td>&nbsp;<\/td><\/tr><tr><td><em><a href=\"https:\/\/mustila.fi\/ulsike-1994-45-46-fraxinus-pennsylvanica-punasaarni\/\" data-type=\"page\" data-id=\"17656\">Fraxinus pennsylvanica<\/a><\/em><\/td><td>punasaarni<\/td><td>&nbsp;K09-93-170<\/td><td>&nbsp;K09-93-173<\/td><\/tr><tr><td><em><a href=\"https:\/\/mustila.fi\/ulsike-1994-47-gleditsia-triacanthos-kolmioka\/\" data-type=\"page\" data-id=\"17660\">Gleditsia triacanthos<\/a><\/em><\/td><td>kolmioka<\/td><td>&nbsp;K09-93-279<\/td><td>&nbsp;<\/td><\/tr><tr><td><em><a href=\"https:\/\/mustila.fi\/ulsike-1994-48-ilex-verticillata-kesalaakeri\/\" data-type=\"page\" data-id=\"17665\"><em>Ilex verticillata<\/em><\/a><\/em><\/td><td>kes\u00e4laakeri<\/td><td>&nbsp;K09-93-324<\/td><td>&nbsp;<\/td><\/tr><tr><td><a href=\"https:\/\/mustila.fi\/ulsike-1994-49-juglans-nigra-mustajalopahkina\/\" data-type=\"page\" data-id=\"17668\"><em>Juglans nigra<\/em><\/a><\/td><td>mustajalop\u00e4hkin\u00e4<\/td><td>&nbsp;K09-93-380<\/td><td>&nbsp;<\/td><\/tr><tr><td><a href=\"https:\/\/mustila.fi\/ulsike-1994-50-juniperus-virginiana-kynakataja\/\" data-type=\"page\" data-id=\"17672\"><em>Juniperus virginiana<\/em><\/a><\/td><td>kyn\u00e4kataja<\/td><td>&nbsp;K09-93-259<\/td><td>&nbsp;<\/td><\/tr><tr><td><a href=\"https:\/\/mustila.fi\/ulsike-1994-51-prunus-americana-amerikanluumu\/\" data-type=\"page\" data-id=\"17677\"><em>Prunus americana<\/em><\/a><\/td><td>amerikanluumu<\/td><td>&nbsp;K09-93-323<\/td><td>&nbsp;<\/td><\/tr><tr><td><a href=\"https:\/\/mustila.fi\/ulsike-1994-52-53-quercus-rubra-punatammi\/\" data-type=\"page\" data-id=\"17680\"><em>Quercus rubra<\/em><\/a><\/td><td>punatammi<\/td><td>&nbsp;K09-93-239<\/td><td>K09-93-240<\/td><\/tr><tr><td><a href=\"https:\/\/mustila.fi\/ulsike-1994-54-rhus-glabra-silosumakki\/\" data-type=\"page\" data-id=\"17684\"><em>Rhus glabra<\/em><\/a><\/td><td>silosumakki<\/td><td>&nbsp;K09-93-176<\/td><td>&nbsp;<\/td><\/tr><tr><td><a href=\"https:\/\/mustila.fi\/ulsike-1994-55-rhus-typhina-samettisumakki\/\" data-type=\"page\" data-id=\"17691\"><em>Rhus typhina<\/em><\/a><\/td><td>samettisumakki<\/td><td>&nbsp;K09-93-339<\/td><td>&nbsp;<\/td><\/tr><tr><td><a href=\"https:\/\/mustila.fi\/ulsike-1994-56-viburnum-lentago-kiiltoheisi\/\" data-type=\"page\" data-id=\"17697\"><em>Viburnum lentago<\/em><\/a><\/td><td>kiiltoheisi<\/td><td>&nbsp;K09-93-189<\/td><td>&nbsp;<\/td><\/tr><tr><td><a href=\"https:\/\/mustila.fi\/ulsike-1994-57-viburnum-trilobum-amerikanheisi\/\" data-type=\"page\" data-id=\"17700\"><em>Viburnum trilobum<\/em><\/a><\/td><td>amerikanheisi<\/td><td>&nbsp;K09-93-166<\/td><td>&nbsp;<\/td><\/tr><tr><td><a href=\"https:\/\/mustila.fi\/ulsike-1994-58-ptelea-trifoliata-ptelea\/\" data-type=\"page\" data-id=\"17719\"><em>Ptelea trifoliata<\/em><\/a><\/td><td>ptelea<\/td><td>&nbsp;K09-93-277<\/td><td>&nbsp;<\/td><\/tr><tr><td><a href=\"https:\/\/mustila.fi\/ulsike-1994-59-60-acer-negundo-saarnivaahtera\/\" data-type=\"page\" data-id=\"17731\"><em>Acer negundo<\/em><\/a><\/td><td>saarnivaahtera<\/td><td>&nbsp;K09-93-190<\/td><td>&nbsp;K09-93-261<\/td><\/tr><tr><td><a href=\"https:\/\/mustila.fi\/ulsike-1994-61-cercis-canadensis-nuppupuu\/\" data-type=\"page\" data-id=\"17735\"><em>Cercis canadensis<\/em><\/a><\/td><td>nuppupuu<\/td><td>&nbsp;K09-93-319 tai<\/td><td>&nbsp;K09-93-343<\/td><\/tr><tr><td><a href=\"https:\/\/mustila.fi\/ulsike-1994-62-crataegus-grus-galli-kannusorapihlaja\/\" data-type=\"page\" data-id=\"17737\"><em>Crataegus grus-galli<\/em><\/a><\/td><td>kannusorapihlaja<\/td><td>&nbsp;K09-93-355<\/td><td>&nbsp;<\/td><\/tr><tr><td><a href=\"https:\/\/mustila.fi\/ulsike-1994-63-quercus-macrocarpa-takiaistammi\/\" data-type=\"page\" data-id=\"17739\"><em>Quercus macrocarpa<\/em><\/a><\/td><td>takiaistammi<\/td><td>&nbsp;K09-93-305<\/td><td>&nbsp;<\/td><\/tr><tr><td><a href=\"https:\/\/mustila.fi\/ulsike-1994-64-fraxinus-nigra-mustasaarni\/\" data-type=\"page\" data-id=\"17741\"><em>Fraxinus nigra<\/em><\/a><\/td><td>mustasaarni<\/td><td>&nbsp;K09-93-214<\/td><td>&nbsp;<\/td><\/tr><tr><td><a href=\"https:\/\/mustila.fi\/ulsike-1994-65-chionanthus-virginicus-partapensas\/\" data-type=\"page\" data-id=\"17743\"><em>Chionanthus virginicus<\/em><\/a><\/td><td>partapensas<\/td><td>&nbsp;K09-93-349<\/td><td>&nbsp;<\/td><\/tr><tr><td><a href=\"https:\/\/mustila.fi\/ulsike-1994-66-quercus-mongolica-mongoliantammi\/\" data-type=\"page\" data-id=\"17745\"><em>Quercus mongolica<\/em><\/a><\/td><td>mongoliantammi<\/td><td>&nbsp;K09-93-131<\/td><\/tr><\/tbody><\/table><\/figure>\n","protected":false},"excerpt":{"rendered":"<p>Aesculus octandra keltahevoskastanja &nbsp;K09-93-252 &nbsp; Fraxinus pennsylvanica punasaarni &nbsp;K09-93-170 &nbsp;K09-93-173 Gleditsia triacanthos kolmioka &nbsp;K09-93-279 &nbsp; Ilex verticillata kes\u00e4laakeri &nbsp;K09-93-324 &nbsp; Juglans nigra mustajalop\u00e4hkin\u00e4 &nbsp;K09-93-380 &nbsp; Juniperus virginiana kyn\u00e4kataja &nbsp;K09-93-259 &nbsp; Prunus americana amerikanluumu &nbsp;K09-93-323 &nbsp; Quercus rubra punatammi &nbsp;K09-93-239 K09-93-240 Rhus glabra silosumakki &nbsp;K09-93-176 &nbsp; Rhus typhina samettisumakki &nbsp;K09-93-339 &nbsp; Viburnum lentago kiiltoheisi &nbsp;K09-93-189 &nbsp; [&hellip;]<\/p>\n","protected":false},"author":2,"featured_media":0,"parent":0,"menu_order":0,"comment_status":"closed","ping_status":"closed","template":"","meta":{"iawp_total_views":18,"footnotes":""},"class_list":["post-6658","page","type-page","status-publish","hentry"],"_links":{"self":[{"href":"https:\/\/mustila.fi\/sv\/wp-json\/wp\/v2\/pages\/6658","targetHints":{"allow":["GET"]}}],"collection":[{"href":"https:\/\/mustila.fi\/sv\/wp-json\/wp\/v2\/pages"}],"about":[{"href":"https:\/\/mustila.fi\/sv\/wp-json\/wp\/v2\/types\/page"}],"author":[{"embeddable":true,"href":"https:\/\/mustila.fi\/sv\/wp-json\/wp\/v2\/users\/2"}],"replies":[{"embeddable":true,"href":"https:\/\/mustila.fi\/sv\/wp-json\/wp\/v2\/comments?post=6658"}],"version-history":[{"count":0,"href":"https:\/\/mustila.fi\/sv\/wp-json\/wp\/v2\/pages\/6658\/revisions"}],"wp:attachment":[{"href":"https:\/\/mustila.fi\/sv\/wp-json\/wp\/v2\/media?parent=6658"}],"curies":[{"name":"wp","href":"https:\/\/api.w.org\/{rel}","templated":true}]}}